{"id":896,"date":"2020-12-16T11:48:41","date_gmt":"2020-12-16T11:48:41","guid":{"rendered":"https:\/\/digmit.at\/?page_id=896"},"modified":"2022-03-04T22:31:49","modified_gmt":"2022-03-04T22:31:49","slug":"ich-will-nach-einer-scheidung-in-osterreich-bleiben-und-habe-eine-rot-weis-rot-karte-plus-oder-eine-niederlassungsbewilligung","status":"publish","type":"page","link":"https:\/\/digmit.tantemalkah.at\/index.php\/startseite\/aufenthaltsrecht\/ich-will-nach-einer-scheidung-in-osterreich-bleiben-und-habe\/ich-will-nach-einer-scheidung-in-osterreich-bleiben-und-habe-eine-rot-weis-rot-karte-plus-oder-eine-niederlassungsbewilligung\/","title":{"rendered":"Ich will nach einer Scheidung in \u00d6sterreich bleiben und habe eine Rot-Wei\u00df-Rot Karte plus oder eine Niederlassungsbewilligung."},"content":{"rendered":"\n<p>Wenn ich eine <strong>Rot-Wei\u00df-Rot Karte plus<\/strong> oder eine <strong>Niederlassungsbewilligung<\/strong> habe und <strong>mich scheiden lasse<\/strong>, <strong>kann ich weiterhin<\/strong> <strong>in \u00d6sterreich bleiben, wenn ich selber die Voraussetzungen erf\u00fclle<\/strong>.<\/p>\n\n\n\n<p>Die Voraussetzungen sind:<\/p>\n\n\n\n<ul class=\"wp-block-list\"><li><strong>Unterkunft<\/strong> (zum Beispiel Mietvertrag), <\/li><li>ausreichende <strong>finanzielle Mittel<\/strong> (zum Beispiel regelm\u00e4\u00dfiges Einkommen), <\/li><li><strong>Krankenversicherung<\/strong>, <\/li><li><strong>keine Erteilungshindernisse<\/strong> (zum Beispiel: Aufenthaltsverbot), <\/li><li><strong>Deutsch<\/strong>kenntnisse auf <strong>A1<\/strong>&#8211; oder sp\u00e4ter <strong>A2<\/strong>-Niveau (<strong>Modul 1 Integrationsvereinbarung<\/strong>).<\/li><\/ul>\n\n\n\n<p><strong>Wenn ich diese Voraussetzungen nicht erf\u00fclle<\/strong>, sollte ich am besten eine <strong><u><a href=\"https:\/\/digmit.tantemalkah.at\/index.php\/startseite\/aufenthaltsrecht\/beratungsstellen\/\" data-type=\"page\" data-id=\"824\">Beratungsstelle<\/a><\/u><\/strong> kontaktieren. <\/p>\n\n\n\n<p>Ich muss die <strong>Beh\u00f6rde <\/strong>(in Wien die MA 35) <strong>\u00fcber meine Scheidung innerhalb eines Monats informieren<\/strong>.<\/p>\n\n\n\n<p><strong><strong>Wenn ich die Voraussetzungen nicht erf\u00fclle<\/strong><\/strong>, darf ich nur dann <strong><strong>in \u00d6sterreich bleiben, wenn schwerwiegende Gr\u00fcnde<\/strong><\/strong>(wie zum Beispiel <strong><strong>Gewalt<\/strong><\/strong>) vorliegen.<\/p>\n","protected":false},"excerpt":{"rendered":"<p>Wenn ich eine Rot-Wei\u00df-Rot Karte plus oder eine Niederlassungsbewilligung habe und mich scheiden lasse, kann ich weiterhin in \u00d6sterreich bleiben, wenn ich selber die Voraussetzungen erf\u00fclle. Die Voraussetzungen sind: Unterkunft (zum Beispiel Mietvertrag), ausreichende finanzielle Mittel (zum Beispiel regelm\u00e4\u00dfiges Einkommen), Krankenversicherung, keine Erteilungshindernisse (zum Beispiel: Aufenthaltsverbot), Deutschkenntnisse auf A1&#8211; oder sp\u00e4ter A2-Niveau (Modul 1 Integrationsvereinbarung). [&hellip;]<\/p>\n","protected":false},"author":2,"featured_media":0,"parent":822,"menu_order":0,"comment_status":"closed","ping_status":"closed","template":"","meta":{"footnotes":""},"class_list":["post-896","page","type-page","status-publish","hentry"],"_links":{"self":[{"href":"https:\/\/digmit.tantemalkah.at\/index.php\/wp-json\/wp\/v2\/pages\/896","targetHints":{"allow":["GET"]}}],"collection":[{"href":"https:\/\/digmit.tantemalkah.at\/index.php\/wp-json\/wp\/v2\/pages"}],"about":[{"href":"https:\/\/digmit.tantemalkah.at\/index.php\/wp-json\/wp\/v2\/types\/page"}],"author":[{"embeddable":true,"href":"https:\/\/digmit.tantemalkah.at\/index.php\/wp-json\/wp\/v2\/users\/2"}],"replies":[{"embeddable":true,"href":"https:\/\/digmit.tantemalkah.at\/index.php\/wp-json\/wp\/v2\/comments?post=896"}],"version-history":[{"count":6,"href":"https:\/\/digmit.tantemalkah.at\/index.php\/wp-json\/wp\/v2\/pages\/896\/revisions"}],"predecessor-version":[{"id":1491,"href":"https:\/\/digmit.tantemalkah.at\/index.php\/wp-json\/wp\/v2\/pages\/896\/revisions\/1491"}],"up":[{"embeddable":true,"href":"https:\/\/digmit.tantemalkah.at\/index.php\/wp-json\/wp\/v2\/pages\/822"}],"wp:attachment":[{"href":"https:\/\/digmit.tantemalkah.at\/index.php\/wp-json\/wp\/v2\/media?parent=896"}],"curies":[{"name":"wp","href":"https:\/\/api.w.org\/{rel}","templated":true}]}}