{"id":61,"date":"2020-10-23T19:52:56","date_gmt":"2020-10-23T19:52:56","guid":{"rendered":"https:\/\/digmit.tantemalkah.at\/?page_id=61"},"modified":"2021-02-28T21:39:04","modified_gmt":"2021-02-28T21:39:04","slug":"danksagungen","status":"publish","type":"page","link":"https:\/\/digmit.tantemalkah.at\/index.php\/danksagungen\/","title":{"rendered":"Danksagungen"},"content":{"rendered":"\n<h2 class=\"wp-block-heading\">MUCHAS GRACIAS an<\/h2>\n\n\n\n<ul class=\"wp-block-list\"><li>alle <strong>Frauen*<\/strong>, die \u00fcber die Jahre hinweg ihre Geschichten mit uns geteilt haben und uns damit \u00fcberhaupt erst zu diesem Projekt inspiriert haben,<\/li><li>sowie alle <strong>Teilnehmerinnen*<\/strong> der Entwicklungswerkst\u00e4tten, Beratungen, Workshops und Erprobungswerkst\u00e4tten f\u00fcr ihr Mitgestalten und Mitdiggen!<\/li><\/ul>\n\n\n\n<ul class=\"wp-block-list\"><li>die <strong>Arbeiterkammer Wien<\/strong>, die uns im Rahmen des <a href=\"http:\/\/www.wien.arbeiterkammer.at\/digifonds\"><strong>Digitalisierungsfonds Arbeit 4.0<\/strong><\/a> die Umsetzung dieses Projekts erm\u00f6glicht hat <br>\u2013 und hier besonders an <strong>Christina Weichselbaumer<\/strong>, unsere Ansprechperson im B\u00fcro f\u00fcr Digitale Agenden, <strong>Elisabeth Lechner<\/strong> und <strong>Eda Morkoc<\/strong> f\u00fcr die Organisation der Abschlussveranstaltung sowie <strong>Andrea Schaffar<\/strong> f\u00fcr die Erstberatung!<\/li><\/ul>\n\n\n\n<ul class=\"wp-block-list\"><li>unsere Projektpartner*in und Webentwickler*in <strong><a href=\"http:\/\/www.tantemalkah.at\">Andrea* Ida Malkah Klaura<\/a><\/strong> f\u00fcr ihre* Expertise und Kreativit\u00e4t \u2013 im Technischen wie auch Inhaltlichen!<\/li><\/ul>\n\n\n\n<ul class=\"wp-block-list\"><li>unsere Kooperationspartnerinnen <strong>Susanne Binder<\/strong> (waff), <strong>Ina Freudenschu\u00df<\/strong> (AMS) und <strong>Asiye Sel<\/strong> (AK) f\u00fcr ihr Interesse, ihre Zeit und Unterst\u00fctzung!<\/li><\/ul>\n\n\n\n<ul class=\"wp-block-list\"><li><strong><a href=\"http:\/\/www.lindawolfsgruber.at\">Linda Wolfsgruber<\/a> <\/strong>f\u00fcr das tolle dig_mit!-Logo!<\/li><\/ul>\n\n\n\n<ul class=\"wp-block-list\"><li><strong><a href=\"http:\/\/www.conmostaza.com\">Lym Moreno<\/a><\/strong> f\u00fcr die gro\u00dfARTigen Bilder zu den Arbeitsrecht-Themen!<\/li><\/ul>\n\n\n\n<ul class=\"wp-block-list\"><li><strong>Ursula Lummerstorfer<\/strong> und <strong>Martin Wurzenrainer<\/strong> vom <strong>Verein Projekt Integrationshaus<\/strong> f\u00fcr den Austausch! Sie setzen im Rahmen des AK-Digitalisierungsfonds das <strong><a href=\"http:\/\/www.digidazu.at\">digidazU<\/a><\/strong>-Projekt um und entwickeln onlinebasierte Selbstlernmaterialien.<\/li><\/ul>\n\n\n\n<ul class=\"wp-block-list\"><li><strong><a href=\"http:\/\/www.sezonieri.at\">Sezonieri<\/a><\/strong> und <strong><a href=\"http:\/\/www.undok.at\">UNDOK<\/a><\/strong>, die uns Kampagnen-Videos f\u00fcr unsere Didaktisierungsbeispiele zur Verf\u00fcgung gestellt haben!<\/li><\/ul>\n\n\n\n<ul class=\"wp-block-list\"><li>all unsere <strong>Mitstreiter*innen<\/strong> und <strong><em>critical friends<\/em><\/strong> f\u00fcr ihr bisheriges und k\u00fcnftiges Feedback, ihr Vor-, Mit- und Weiterdenken und -machen!<br><br><\/li><\/ul>\n\n\n\n<h2 class=\"wp-block-heading\">DANKE Open Sources:<\/h2>\n\n\n\n<p>Freie\/Offene Fonts, die wir f\u00fcr diese Website verwendet haben:<\/p>\n\n\n\n<ul class=\"wp-block-list\"><li><a href=\"https:\/\/fonts.google.com\/specimen\/ABeeZee\">ABeeZee<\/a> von Anja Meiners, <em>Open Font License<\/em><\/li><li><a href=\"https:\/\/fonts.google.com\/specimen\/Exo+2\">Exo 2<\/a> von Natanael Gama, <em>Open Font License<\/em><\/li><li><a href=\"https:\/\/fonts.google.com\/specimen\/Orbitron\">Orbitron<\/a> von Matt McInerney, <em>Open Font License<\/em><\/li><\/ul>\n\n\n\n<p>Folgende Freie Software Technologien werden beim Ausliefern der Website verwendet:<\/p>\n\n\n\n<ul class=\"wp-block-list\"><li><a href=\"https:\/\/wordpress.org\/\">WordPress<\/a>, <em>GPLv2+<\/em><\/li><li><a href=\"https:\/\/github.com\/RWAP\/jquery-ui-touch-punch\">jQuery UI Touch Punch<\/a>, <em>GPLv2 | MIT<\/em><\/li><li><a href=\"http:\/\/httpd.apache.org\/\">Apache HTTP Server 2<\/a>, <em>Apache License 2.0<\/em><\/li><li><a href=\"https:\/\/mariadb.com\/\">MariaDB<\/a>, <em>GPLv2<\/em><\/li><li><a href=\"https:\/\/www.debian.org\/\">Debian GNU\/Linux<\/a>, <em>GPLv2+ &amp; others<\/em><\/li><\/ul>\n\n\n\n<p>Folgende Freie Software Technologien wurden dar\u00fcber hinaus beim Erstellen der Website genutzt:<\/p>\n\n\n\n<ul class=\"wp-block-list\"><li>Docker<\/li><li>Atom<\/li><li>GNU Image Manipulation Program<\/li><li>Ubuntu Linux<\/li><li>Firefox<\/li><li>Chromium<\/li><\/ul>\n\n\n\n<p><\/p>\n","protected":false},"excerpt":{"rendered":"<p>MUCHAS GRACIAS an alle Frauen*, die \u00fcber die Jahre hinweg ihre Geschichten mit uns geteilt haben und uns damit \u00fcberhaupt erst zu diesem Projekt inspiriert haben, sowie alle Teilnehmerinnen* der Entwicklungswerkst\u00e4tten, Beratungen, Workshops und Erprobungswerkst\u00e4tten f\u00fcr ihr Mitgestalten und Mitdiggen! die Arbeiterkammer Wien, die uns im Rahmen des Digitalisierungsfonds Arbeit 4.0 die Umsetzung dieses Projekts [&hellip;]<\/p>\n","protected":false},"author":1,"featured_media":0,"parent":0,"menu_order":0,"comment_status":"closed","ping_status":"closed","template":"","meta":{"footnotes":""},"class_list":["post-61","page","type-page","status-publish","hentry"],"_links":{"self":[{"href":"https:\/\/digmit.tantemalkah.at\/index.php\/wp-json\/wp\/v2\/pages\/61","targetHints":{"allow":["GET"]}}],"collection":[{"href":"https:\/\/digmit.tantemalkah.at\/index.php\/wp-json\/wp\/v2\/pages"}],"about":[{"href":"https:\/\/digmit.tantemalkah.at\/index.php\/wp-json\/wp\/v2\/types\/page"}],"author":[{"embeddable":true,"href":"https:\/\/digmit.tantemalkah.at\/index.php\/wp-json\/wp\/v2\/users\/1"}],"replies":[{"embeddable":true,"href":"https:\/\/digmit.tantemalkah.at\/index.php\/wp-json\/wp\/v2\/comments?post=61"}],"version-history":[{"count":13,"href":"https:\/\/digmit.tantemalkah.at\/index.php\/wp-json\/wp\/v2\/pages\/61\/revisions"}],"predecessor-version":[{"id":1155,"href":"https:\/\/digmit.tantemalkah.at\/index.php\/wp-json\/wp\/v2\/pages\/61\/revisions\/1155"}],"wp:attachment":[{"href":"https:\/\/digmit.tantemalkah.at\/index.php\/wp-json\/wp\/v2\/media?parent=61"}],"curies":[{"name":"wp","href":"https:\/\/api.w.org\/{rel}","templated":true}]}}