{"id":546,"date":"2020-12-13T15:59:52","date_gmt":"2020-12-13T15:59:52","guid":{"rendered":"https:\/\/digmit.tantemalkah.at\/?page_id=546"},"modified":"2022-12-25T15:42:58","modified_gmt":"2022-12-25T15:42:58","slug":"psychische-gesundheit","status":"publish","type":"page","link":"https:\/\/digmit.tantemalkah.at\/index.php\/startseite\/gesundheit\/ich-suche-eine-n-arztin\/psychotherapie-psychologische-beratung\/psychische-gesundheit\/","title":{"rendered":"Psychische Gesundheit"},"content":{"rendered":"\n<p><strong>Psychisch<\/strong>e Gesundheit bedeutet geistige und emotionale Gesundheit.<br><strong>Physisch<\/strong>e Gesundheit bedeutet k\u00f6rperliche Gesundheit.<\/p>\n\n\n\n<p><strong>Psychische und physische Gesundheit h\u00e4ngen zusammen<\/strong>.<br>Psychische Probleme k\u00f6nnen auch den K\u00f6rper krank machen (psychosomatische Erkrankungen).<\/p>\n\n\n\n<p>Beispiele f\u00fcr <strong>psychische Probleme<\/strong> sind<\/p>\n\n\n\n<ul class=\"wp-block-list\">\n<li>Depressionen,<\/li>\n\n\n\n<li>\u00c4ngste (zum Beispiel soziale Angst, Phobien),<\/li>\n\n\n\n<li>Essst\u00f6rungen (Bulimie, Magersucht, \u00dcbergewicht),<\/li>\n\n\n\n<li>Suchtst\u00f6rungen (Alkohol, Nikotin, Drogen, Tabletten, Spielsucht),<\/li>\n\n\n\n<li>Zwangsst\u00f6rungen,<\/li>\n\n\n\n<li><a href=\"https:\/\/www.arbeiterkammer.at\/beratung\/ArbeitundGesundheit\/psychischebelastungen\/Burnout_bei_der_Arbeit.html\">Burnout<\/a> (durch zu viel Arbeit),<\/li>\n\n\n\n<li>Menschen, die Traumata erlebt haben \u2013 zum Beispiel eine Vergewaltigung, einen Unfall oder Krieg \u2013 k\u00f6nnen eine Posttraumatische Belastungsst\u00f6rung entwickeln.<\/li>\n\n\n\n<li>\u2026<\/li>\n<\/ul>\n\n\n\n<p>Wenn es mir psychisch nicht so gut geht, kann ich mir\u00a0<a href=\"https:\/\/digmit.tantemalkah.at\/index.php\/startseite\/gesundheit\/ich-suche-eine-n-arztin\/psychotherapie-psychologische-beratung\/therapie-beratung\/\" data-type=\"page\" data-id=\"550\"><strong>Hilfe<\/strong><\/a>\u00a0suchen, mich\u00a0<a href=\"https:\/\/digmit.tantemalkah.at\/index.php\/startseite\/gesundheit\/ich-suche-eine-n-arztin\/psychotherapie-psychologische-beratung\/therapie-beratung\/\" data-type=\"page\" data-id=\"550\"><strong>beraten<\/strong><\/a>\u00a0lassen oder eine\u00a0<a href=\"https:\/\/digmit.tantemalkah.at\/index.php\/startseite\/gesundheit\/ich-suche-eine-n-arztin\/psychotherapie-psychologische-beratung\/therapie-beratung\/\" data-type=\"page\" data-id=\"550\"><strong>Therapie<\/strong><\/a> machen.<\/p>\n","protected":false},"excerpt":{"rendered":"<p>Psychische Gesundheit bedeutet geistige und emotionale Gesundheit.Physische Gesundheit bedeutet k\u00f6rperliche Gesundheit. Psychische und physische Gesundheit h\u00e4ngen zusammen.Psychische Probleme k\u00f6nnen auch den K\u00f6rper krank machen (psychosomatische Erkrankungen). Beispiele f\u00fcr psychische Probleme sind Wenn es mir psychisch nicht so gut geht, kann ich mir\u00a0Hilfe\u00a0suchen, mich\u00a0beraten\u00a0lassen oder eine\u00a0Therapie machen.<\/p>\n","protected":false},"author":2,"featured_media":0,"parent":544,"menu_order":0,"comment_status":"closed","ping_status":"closed","template":"","meta":{"footnotes":""},"class_list":["post-546","page","type-page","status-publish","hentry"],"_links":{"self":[{"href":"https:\/\/digmit.tantemalkah.at\/index.php\/wp-json\/wp\/v2\/pages\/546","targetHints":{"allow":["GET"]}}],"collection":[{"href":"https:\/\/digmit.tantemalkah.at\/index.php\/wp-json\/wp\/v2\/pages"}],"about":[{"href":"https:\/\/digmit.tantemalkah.at\/index.php\/wp-json\/wp\/v2\/types\/page"}],"author":[{"embeddable":true,"href":"https:\/\/digmit.tantemalkah.at\/index.php\/wp-json\/wp\/v2\/users\/2"}],"replies":[{"embeddable":true,"href":"https:\/\/digmit.tantemalkah.at\/index.php\/wp-json\/wp\/v2\/comments?post=546"}],"version-history":[{"count":6,"href":"https:\/\/digmit.tantemalkah.at\/index.php\/wp-json\/wp\/v2\/pages\/546\/revisions"}],"predecessor-version":[{"id":2487,"href":"https:\/\/digmit.tantemalkah.at\/index.php\/wp-json\/wp\/v2\/pages\/546\/revisions\/2487"}],"up":[{"embeddable":true,"href":"https:\/\/digmit.tantemalkah.at\/index.php\/wp-json\/wp\/v2\/pages\/544"}],"wp:attachment":[{"href":"https:\/\/digmit.tantemalkah.at\/index.php\/wp-json\/wp\/v2\/media?parent=546"}],"curies":[{"name":"wp","href":"https:\/\/api.w.org\/{rel}","templated":true}]}}