{"id":465,"date":"2020-12-07T13:22:24","date_gmt":"2020-12-07T13:22:24","guid":{"rendered":"https:\/\/digmit.tantemalkah.at\/?page_id=465"},"modified":"2022-11-17T14:57:31","modified_gmt":"2022-11-17T14:57:31","slug":"thema-2-undok","status":"publish","type":"page","link":"https:\/\/digmit.tantemalkah.at\/index.php\/deutsch-alpha\/thema-2-undok\/","title":{"rendered":"UNDOK \u2013 Anlaufstelle zur gewerkschaftlichen Unterst\u00fctzung undokumentiert ArbeitenderUNDOK"},"content":{"rendered":"\n<p><a rel=\"noreferrer noopener\" href=\"https:\/\/businesswebmail.a1.net\/webmail\/redirect?u=http%3A%2F%2Fwww.undok.at\" target=\"_blank\">www.undok.at<\/a><\/p>\n\n\n\n<figure class=\"wp-block-video\"><video height=\"540\" style=\"aspect-ratio: 960 \/ 540;\" width=\"960\" controls poster=\"https:\/\/digmit.tantemalkah.at\/wp-content\/uploads\/2020\/12\/UNDOK_Video_Posterimage.png\" src=\"https:\/\/digmit.tantemalkah.at\/wp-content\/uploads\/2020\/12\/05_Deutsch.960x540.mp4\"><\/video><figcaption class=\"wp-element-caption\">UNDOK-Infovideo &#8220;Arbeit ohne Papiere &#8230; aber nicht ohne Rechte!&#8221; (Deutsch)<\/figcaption><\/figure>\n\n\n\n<p>Unsere digitalen \u00dcbungen werden gerade entwickelt. Folgende \u00dcbungen k\u00f6nnen schon ausprobiert werden:<\/p>\n\n\n\n<div class=\"wp-block-buttons is-layout-flex wp-block-buttons-is-layout-flex\">\n<div class=\"wp-block-button\"><a class=\"wp-block-button__link wp-element-button\" href=\"https:\/\/digmit.tantemalkah.at\/index.php\/deutsch-alpha\/thema-2-undok\/undok-ubung-1\/\">\u00dcbung 1: Silben-Puzzle<\/a><\/div>\n<\/div>\n\n\n\n<div class=\"wp-block-buttons is-layout-flex wp-block-buttons-is-layout-flex\">\n<div class=\"wp-block-button\"><a class=\"wp-block-button__link wp-element-button\" href=\"https:\/\/digmit.tantemalkah.at\/index.php\/deutsch-alpha\/thema-2-undok\/undok-ubung-2\/\">\u00dcbung 2: Bestehen die Worte aus zwei Silben?<\/a><\/div>\n<\/div>\n\n\n\n<div class=\"wp-block-buttons is-layout-flex wp-block-buttons-is-layout-flex\">\n<div class=\"wp-block-button\"><a class=\"wp-block-button__link wp-element-button\" href=\"https:\/\/digmit.tantemalkah.at\/index.php\/deutsch-alpha\/thema-2-undok\/undok-ubung-3\/\">\u00dcbung 3: H\u00f6rst du ein ei?<\/a><\/div>\n<\/div>\n\n\n\n<div class=\"wp-block-buttons is-layout-flex wp-block-buttons-is-layout-flex\">\n<div class=\"wp-block-button\"><a class=\"wp-block-button__link wp-element-button\" href=\"https:\/\/digmit.tantemalkah.at\/index.php\/deutsch-alpha\/thema-2-undok\/undok-ubung-4\/\">\u00dcbung 4: H\u00f6rst du am Anfang ein A?<\/a><\/div>\n<\/div>\n\n\n\n<div class=\"wp-block-buttons is-layout-flex wp-block-buttons-is-layout-flex\">\n<div class=\"wp-block-button\"><a class=\"wp-block-button__link wp-element-button\" href=\"https:\/\/digmit.tantemalkah.at\/index.php\/deutsch-alpha\/thema-2-undok\/undok-ubung-5\/\">\u00dcbung 5: H\u00f6rst du am Ende ein N?<\/a><\/div>\n<\/div>\n\n\n\n<div class=\"wp-block-buttons is-layout-flex wp-block-buttons-is-layout-flex\">\n<div class=\"wp-block-button\"><a class=\"wp-block-button__link wp-element-button\" href=\"https:\/\/digmit.tantemalkah.at\/index.php\/deutsch-alpha\/thema-2-undok\/undok-ubung-6\/\">\u00dcbung 6: Was h\u00f6rst Du? Ein A oder E?<\/a><\/div>\n<\/div>\n\n\n\n<div class=\"wp-block-buttons is-layout-flex wp-block-buttons-is-layout-flex\">\n<div class=\"wp-block-button\"><a class=\"wp-block-button__link wp-element-button\" href=\"https:\/\/digmit.tantemalkah.at\/index.php\/deutsch-alpha\/thema-2-undok\/undok-ubung-7\/\">\u00dcbung 7: Was h\u00f6rst Du? Ein i oder ie?<\/a><\/div>\n<\/div>\n\n\n\n<div class=\"wp-block-buttons is-layout-flex wp-block-buttons-is-layout-flex\">\n<div class=\"wp-block-button\"><a class=\"wp-block-button__link wp-element-button\" href=\"https:\/\/digmit.tantemalkah.at\/index.php\/deutsch-alpha\/thema-2-undok\/undok-ubung-8\/\">\u00dcbung 8: Was h\u00f6rst Du? ch oder sch?<\/a><\/div>\n<\/div>\n\n\n\n<div class=\"wp-block-buttons is-layout-flex wp-block-buttons-is-layout-flex\">\n<div class=\"wp-block-button\"><a class=\"wp-block-button__link wp-element-button\" href=\"https:\/\/digmit.tantemalkah.at\/index.php\/deutsch-alpha\/thema-2-undok\/undok-ubung-9\/\">\u00dcbung 9: Wort h\u00f6ren &amp; schreiben<\/a><\/div>\n<\/div>\n\n\n\n<div class=\"wp-block-buttons is-layout-flex wp-block-buttons-is-layout-flex\">\n<div class=\"wp-block-button\"><a class=\"wp-block-button__link wp-element-button\" href=\"https:\/\/digmit.tantemalkah.at\/index.php\/deutsch-alpha\/thema-2-undok\/undok-ubung-10\/\">\u00dcbung 10: Laute h\u00f6ren und Wort schreiben<\/a><\/div>\n<\/div>\n\n\n\n<div class=\"wp-block-buttons is-layout-flex wp-block-buttons-is-layout-flex\">\n<div class=\"wp-block-button\"><a class=\"wp-block-button__link wp-element-button\" href=\"https:\/\/digmit.tantemalkah.at\/index.php\/deutsch-alpha\/thema-2-undok\/undok-ubung-11\/\">\u00dcbung 11: H\u00f6rst du ein Nomen oder ein Verb?<\/a><\/div>\n<\/div>\n\n\n\n<div class=\"wp-block-buttons is-layout-flex wp-block-buttons-is-layout-flex\">\n<div class=\"wp-block-button is-style-outline is-style-outline--1\"><a class=\"wp-block-button__link wp-element-button\" href=\"https:\/\/digmit.tantemalkah.at\/wp-content\/uploads\/2022\/05\/Transkript_UNDOK-Video-1.docx\" style=\"border-radius:0px\">Text \/ Transkript<\/a><\/div>\n<\/div>\n\n\n\n<div class=\"wp-block-buttons is-layout-flex wp-block-buttons-is-layout-flex\">\n<div class=\"wp-block-button is-style-outline is-style-outline--2\"><a class=\"wp-block-button__link wp-element-button\" href=\"https:\/\/digmit.tantemalkah.at\/index.php\/deutsch-alpha\/thema-2-undok\/ubungen-zum-ausdrucken_undok\/\">\u00dcbungen zum Ausdrucken<\/a><\/div>\n<\/div>\n\n\n\n<div class=\"wp-block-buttons is-layout-flex wp-block-buttons-is-layout-flex\">\n<div class=\"wp-block-button is-style-outline is-style-outline--3\"><a class=\"wp-block-button__link wp-element-button\" href=\"https:\/\/digmit.tantemalkah.at\/index.php\/deutsch-alpha\/thema-2-undok\/thema-2-undok\/\" style=\"border-radius:0px\">Video in vielen Sprachen<\/a><\/div>\n<\/div>\n\n\n\n<p><\/p>\n","protected":false},"excerpt":{"rendered":"<p>www.undok.at Unsere digitalen \u00dcbungen werden gerade entwickelt. Folgende \u00dcbungen k\u00f6nnen schon ausprobiert werden:<\/p>\n","protected":false},"author":2,"featured_media":0,"parent":107,"menu_order":0,"comment_status":"closed","ping_status":"closed","template":"","meta":{"footnotes":""},"class_list":["post-465","page","type-page","status-publish","hentry"],"_links":{"self":[{"href":"https:\/\/digmit.tantemalkah.at\/index.php\/wp-json\/wp\/v2\/pages\/465","targetHints":{"allow":["GET"]}}],"collection":[{"href":"https:\/\/digmit.tantemalkah.at\/index.php\/wp-json\/wp\/v2\/pages"}],"about":[{"href":"https:\/\/digmit.tantemalkah.at\/index.php\/wp-json\/wp\/v2\/types\/page"}],"author":[{"embeddable":true,"href":"https:\/\/digmit.tantemalkah.at\/index.php\/wp-json\/wp\/v2\/users\/2"}],"replies":[{"embeddable":true,"href":"https:\/\/digmit.tantemalkah.at\/index.php\/wp-json\/wp\/v2\/comments?post=465"}],"version-history":[{"count":20,"href":"https:\/\/digmit.tantemalkah.at\/index.php\/wp-json\/wp\/v2\/pages\/465\/revisions"}],"predecessor-version":[{"id":1940,"href":"https:\/\/digmit.tantemalkah.at\/index.php\/wp-json\/wp\/v2\/pages\/465\/revisions\/1940"}],"up":[{"embeddable":true,"href":"https:\/\/digmit.tantemalkah.at\/index.php\/wp-json\/wp\/v2\/pages\/107"}],"wp:attachment":[{"href":"https:\/\/digmit.tantemalkah.at\/index.php\/wp-json\/wp\/v2\/media?parent=465"}],"curies":[{"name":"wp","href":"https:\/\/api.w.org\/{rel}","templated":true}]}}