{"id":2201,"date":"2022-11-29T23:25:15","date_gmt":"2022-11-29T23:25:15","guid":{"rendered":"https:\/\/digmit.at\/?page_id=2201"},"modified":"2024-02-23T15:22:29","modified_gmt":"2024-02-23T15:22:29","slug":"ich-mochte-in-meiner-pension-im-ausland-leben","status":"publish","type":"page","link":"https:\/\/digmit.tantemalkah.at\/index.php\/ich-mochte-in-meiner-pension-im-ausland-leben\/","title":{"rendered":"Ich m\u00f6chte in meiner Pension im Ausland leben."},"content":{"rendered":"\n<hr class=\"wp-block-separator has-alpha-channel-opacity\"\/>\n\n\n\n<p>Ich kann <strong>im Ausland leben<\/strong> und bekomme <strong>weiterhin meine Pension<\/strong>.<\/p>\n\n\n\n<p>Daf\u00fcr muss ich der <a href=\"https:\/\/www.pv.at\/cdscontent\/?contentid=10007.707551&amp;portal=pvaportal\">Pensionsversicherungsanstalt<\/a> mindestens <strong>einmal pro Jahr<\/strong> eine <a href=\"https:\/\/www.pv.at\/cdscontent\/?contentid=10007.707694&amp;portal=pvaportal\"><strong>Lebensbest\u00e4tigung<\/strong><\/a> schicken.<br><br>Die <strong><u><a href=\"https:\/\/digmit.tantemalkah.at\/index.php\/wieviel-pension-bekomme-ich\/\" data-type=\"page\" data-id=\"2175\">Ausgleichszulage<\/a><\/u><\/strong> bekomme ich aber <strong>nur<\/strong> dann, <strong>wenn ich in \u00d6sterreich lebe<\/strong>. <br>Wenn ich <strong>in einem Kalenderjahr insgesamt l\u00e4nger als <strong>2 Monate = 60 Tage<\/strong> im Ausland<\/strong> bin, bekomme ich <strong>keine Ausgleichszulage<\/strong>.<br><br>ACHTUNG<br>Wenn ich in meiner Pension im Ausland leben will, sollte ich mich beim Krankenversicherungstr\u00e4ger informieren, ob und wo ich <strong>krankenversichert<\/strong> bin.<br><br>ACHTUNG<br>Wenn ich in meiner Pension im Ausland leben will, sollte ich mich beim Finanzamt informieren, wo ich <strong>Steuern<\/strong> muss.<br><br>ACHTUNG<br>Ich muss der <a href=\"https:\/\/www.pv.at\/cdscontent\/?contentid=10007.707551&amp;portal=pvaportal\">Pensionsversicherungsanstalt<\/a> <strong>\u00c4nderungen<\/strong> <strong>melden<\/strong> (z.B. Adresse, Auslandsaufenthalt, Eheschlie\u00dfung, Scheidung etc.). Es gibt <a href=\"https:\/\/www.pv.at\/cdscontent\/?contentid=10007.707689&amp;portal=pvaportal\"><strong>Meldefristen<\/strong><\/a>!<br>Wenn ich eine <strong>Ausgleichszulage<\/strong> bekomme, muss ich auch <strong>\u00c4nderungen des Einkommens meines*r Ehepartner*in<\/strong>melden.<\/p>\n\n\n\n<p><br><a href=\"https:\/\/www.pv.at\/cdscontent\/?contentid=10007.707739&amp;portal=pvaportal\"><strong>Information f\u00fcr im Ausland lebende Pensionist*innen<\/strong> (PV)<\/a>:<br><a href=\"http:\/\/www.pv.at\/cdscontent\/load?contentid=10008.577774&amp;version=1614241836\">Deutsch<\/a><br><a href=\"http:\/\/www.pv.at\/cdscontent\/load?contentid=10008.577779&amp;version=1615462778\">Englisch<\/a><br><a href=\"http:\/\/www.pv.at\/cdscontent\/load?contentid=10008.577797&amp;version=1615537486\">Franz\u00f6sisch<\/a><br><a href=\"http:\/\/www.pv.at\/cdscontent\/load?contentid=10008.577785&amp;version=1615537511\">Italienisch<\/a><br><a href=\"http:\/\/www.pv.at\/cdscontent\/load?contentid=10008.577791&amp;version=1614937643\">Kroatisch<\/a><br><a href=\"http:\/\/www.pv.at\/cdscontent\/load?contentid=10008.577784&amp;version=1615537527\">Serbisch<\/a><br><a href=\"http:\/\/www.pv.at\/cdscontent\/load?contentid=10008.577768&amp;version=1614937690\">Slowakisch<\/a><br><a href=\"http:\/\/www.pv.at\/cdscontent\/load?contentid=10008.577775&amp;version=1615537544\">Slowenisch<\/a><br><a href=\"http:\/\/www.pv.at\/cdscontent\/load?contentid=10008.577787&amp;version=1615537560\">Spanisch<\/a><br><a href=\"http:\/\/www.pv.at\/cdscontent\/load?contentid=10008.577766&amp;version=1614937707\">Tschechisch<\/a><br><a href=\"http:\/\/www.pv.at\/cdscontent\/load?contentid=10008.577772&amp;version=1614937738\">T\u00fcrkisch<\/a><br><a href=\"http:\/\/www.pv.at\/cdscontent\/load?contentid=10008.577798&amp;version=1614937722\">Ungarisch<\/a><\/p>\n","protected":false},"excerpt":{"rendered":"<p>Ich kann im Ausland leben und bekomme weiterhin meine Pension. Daf\u00fcr muss ich der Pensionsversicherungsanstalt mindestens einmal pro Jahr eine Lebensbest\u00e4tigung schicken. Die Ausgleichszulage bekomme ich aber nur dann, wenn ich in \u00d6sterreich lebe. Wenn ich in einem Kalenderjahr insgesamt l\u00e4nger als 2 Monate = 60 Tage im Ausland bin, bekomme ich keine Ausgleichszulage. ACHTUNGWenn [&hellip;]<\/p>\n","protected":false},"author":2,"featured_media":0,"parent":0,"menu_order":0,"comment_status":"closed","ping_status":"closed","template":"","meta":{"footnotes":""},"class_list":["post-2201","page","type-page","status-publish","hentry"],"_links":{"self":[{"href":"https:\/\/digmit.tantemalkah.at\/index.php\/wp-json\/wp\/v2\/pages\/2201","targetHints":{"allow":["GET"]}}],"collection":[{"href":"https:\/\/digmit.tantemalkah.at\/index.php\/wp-json\/wp\/v2\/pages"}],"about":[{"href":"https:\/\/digmit.tantemalkah.at\/index.php\/wp-json\/wp\/v2\/types\/page"}],"author":[{"embeddable":true,"href":"https:\/\/digmit.tantemalkah.at\/index.php\/wp-json\/wp\/v2\/users\/2"}],"replies":[{"embeddable":true,"href":"https:\/\/digmit.tantemalkah.at\/index.php\/wp-json\/wp\/v2\/comments?post=2201"}],"version-history":[{"count":9,"href":"https:\/\/digmit.tantemalkah.at\/index.php\/wp-json\/wp\/v2\/pages\/2201\/revisions"}],"predecessor-version":[{"id":2758,"href":"https:\/\/digmit.tantemalkah.at\/index.php\/wp-json\/wp\/v2\/pages\/2201\/revisions\/2758"}],"wp:attachment":[{"href":"https:\/\/digmit.tantemalkah.at\/index.php\/wp-json\/wp\/v2\/media?parent=2201"}],"curies":[{"name":"wp","href":"https:\/\/api.w.org\/{rel}","templated":true}]}}