{"id":2163,"date":"2022-11-29T22:14:13","date_gmt":"2022-11-29T22:14:13","guid":{"rendered":"https:\/\/digmit.at\/?page_id=2163"},"modified":"2023-08-17T22:20:30","modified_gmt":"2023-08-17T22:20:30","slug":"kann-ich-fruher-in-pension-gehen-korridorpension","status":"publish","type":"page","link":"https:\/\/digmit.tantemalkah.at\/index.php\/kann-ich-fruher-in-pension-gehen-korridorpension\/","title":{"rendered":"Kann ich fr\u00fcher in Pension gehen? (Korridorpension)"},"content":{"rendered":"\n<hr class=\"wp-block-separator has-alpha-channel-opacity\"\/>\n\n\n\n<p>Wenn ich <strong>480 Versicherungsmonate<\/strong> (= <strong>40 Versicherungsjahre<\/strong>) <strong>in der Pensionsversicherung<\/strong> habe, kann ich schon <strong>vor dem Regelpensionsalter in Pension<\/strong> gehen. <\/p>\n\n\n\n<p>Ich muss <strong>mindestens 62 Jahre alt<\/strong> sein, um die <strong>Korridorpension<\/strong> in Anspruch nehmen zu k\u00f6nnen.<\/p>\n\n\n\n<p>Im Moment ist die Korridorpension also <strong>nur f\u00fcr M\u00e4nner*<\/strong> m\u00f6glich.<br><strong>F\u00fcr Frauen*<\/strong> kommt sie <strong>erst ab 2028<\/strong> in Betracht, weil sie im Moment noch vor 62 in Regelpension gehen k\u00f6nnen.<\/p>\n\n\n\n<p>ACHTUNG<br>Wenn ich <strong>vor meinem Regelpensionsalter in Pension<\/strong> gehe, gibt es <strong>Abz\u00fcge<\/strong>. Ich bekomme also <strong>weniger Pension<\/strong>.<\/p>\n\n\n\n<p>ACHTUNG<br>Ich <strong>verliere<\/strong> meine <strong>Korridorpension<\/strong>, wenn ich <strong>\u00fcber die Geringf\u00fcgigkeitsgrenze <\/strong>(2022: 485,85 \u20ac\/Monat) <strong>dazuverdiene<\/strong>.<\/p>\n\n\n\n<p><br><\/p>\n\n\n\n<figure class=\"wp-block-embed is-type-video is-provider-youtube wp-block-embed-youtube wp-embed-aspect-16-9 wp-has-aspect-ratio\"><div class=\"wp-block-embed__wrapper\">\n<iframe loading=\"lazy\" title=\"Zu- oder Abschl\u00e4ge\" width=\"500\" height=\"281\" src=\"https:\/\/www.youtube.com\/embed\/jV5CF5ECmAs?list=PLktLirIUW9qxmekNW_GJrVZRcsaN5YfIe\" frameborder=\"0\" allow=\"accelerometer; autoplay; clipboard-write; encrypted-media; gyroscope; picture-in-picture; web-share\" referrerpolicy=\"strict-origin-when-cross-origin\" allowfullscreen><\/iframe>\n<\/div><figcaption class=\"wp-element-caption\"><a href=\"https:\/\/www.youtube.com\/watch?v=jV5CF5ECmAs&amp;list=PLktLirIUW9qxmekNW_GJrVZRcsaN5YfIe&amp;index=9\">Zu- oder Abschl\u00e4ge (AK)<\/a><\/figcaption><\/figure>\n\n\n\n<p><br><\/p>\n\n\n\n<div class=\"wp-block-group\"><div class=\"wp-block-group__inner-container is-layout-constrained wp-block-group-is-layout-constrained\">\n<h2 class=\"wp-block-heading\">weitere Informationen<\/h2>\n\n\n\n<ul class=\"wp-block-list\">\n<li><a href=\"https:\/\/www.oesterreich.gv.at\/themen\/arbeit_und_pension\/pension\/2\/3\/Allgemeines-zur-Korridorpension.html\">Korridorpension (oesterreich.gv.at)<\/a><\/li>\n<\/ul>\n<\/div><\/div>\n","protected":false},"excerpt":{"rendered":"<p>Wenn ich 480 Versicherungsmonate (= 40 Versicherungsjahre) in der Pensionsversicherung habe, kann ich schon vor dem Regelpensionsalter in Pension gehen. Ich muss mindestens 62 Jahre alt sein, um die Korridorpension in Anspruch nehmen zu k\u00f6nnen. Im Moment ist die Korridorpension also nur f\u00fcr M\u00e4nner* m\u00f6glich.F\u00fcr Frauen* kommt sie erst ab 2028 in Betracht, weil sie [&hellip;]<\/p>\n","protected":false},"author":2,"featured_media":0,"parent":0,"menu_order":0,"comment_status":"closed","ping_status":"closed","template":"","meta":{"footnotes":""},"class_list":["post-2163","page","type-page","status-publish","hentry"],"_links":{"self":[{"href":"https:\/\/digmit.tantemalkah.at\/index.php\/wp-json\/wp\/v2\/pages\/2163","targetHints":{"allow":["GET"]}}],"collection":[{"href":"https:\/\/digmit.tantemalkah.at\/index.php\/wp-json\/wp\/v2\/pages"}],"about":[{"href":"https:\/\/digmit.tantemalkah.at\/index.php\/wp-json\/wp\/v2\/types\/page"}],"author":[{"embeddable":true,"href":"https:\/\/digmit.tantemalkah.at\/index.php\/wp-json\/wp\/v2\/users\/2"}],"replies":[{"embeddable":true,"href":"https:\/\/digmit.tantemalkah.at\/index.php\/wp-json\/wp\/v2\/comments?post=2163"}],"version-history":[{"count":10,"href":"https:\/\/digmit.tantemalkah.at\/index.php\/wp-json\/wp\/v2\/pages\/2163\/revisions"}],"predecessor-version":[{"id":2679,"href":"https:\/\/digmit.tantemalkah.at\/index.php\/wp-json\/wp\/v2\/pages\/2163\/revisions\/2679"}],"wp:attachment":[{"href":"https:\/\/digmit.tantemalkah.at\/index.php\/wp-json\/wp\/v2\/media?parent=2163"}],"curies":[{"name":"wp","href":"https:\/\/api.w.org\/{rel}","templated":true}]}}