{"id":2108,"date":"2022-11-28T00:59:20","date_gmt":"2022-11-28T00:59:20","guid":{"rendered":"https:\/\/digmit.at\/?page_id=2108"},"modified":"2024-02-23T15:22:29","modified_gmt":"2024-02-23T15:22:29","slug":"selbstversicherung-ich-pflege-einen-angehorigen","status":"publish","type":"page","link":"https:\/\/digmit.tantemalkah.at\/index.php\/selbstversicherung-ich-pflege-einen-angehorigen\/","title":{"rendered":"Selbstversicherung: Ich pflege eine*n Angeh\u00f6rige*n."},"content":{"rendered":"\n<hr class=\"wp-block-separator has-alpha-channel-opacity\"\/>\n\n\n\n<p>Wenn ich <strong>eine*n nahe*n Angeh\u00f6rige*n<\/strong> oder <strong>ein behindertes Kind pflege<\/strong>, kann ich mich freiwillig und <strong>kostenlos in der Pensionsversicherung versichern<\/strong>.<\/p>\n\n\n\n<p>Wenn ich mich freiwillig versichere, erwerbe ich <strong>Versicherungszeiten<\/strong>. <br>Die Zeiten der freiwilligen Versicherung gelten f\u00fcr die Alterspension genauso, als w\u00e4re ich arbeiten gegangen.<br>Ich bekomme Gutschriften f\u00fcr das Pensionskonto und sp\u00e4ter <strong>mehr Pension<\/strong>.<\/p>\n\n\n\n<p>Ich kann diese Versicherung auch abschlie\u00dfen, wenn ich neben der Pflege arbeite.<\/p>\n\n\n\n<p><br>Als \u201e<strong>nahe Angeh\u00f6rige<\/strong>\u201c gelten:<\/p>\n\n\n\n<ul class=\"wp-block-list\">\n<li>Ehepartner*in, Lebensgef\u00e4hrt*in, gleichgeschlechtlich eingetragene*r Partner*in<\/li>\n\n\n\n<li>Kinder, Enkel*innen, Eltern, Gro\u00dfeltern, Geschwister, Cousin*nen<\/li>\n\n\n\n<li>Wahlkinder \/ Adoptivkinder, Stiefkinder und Pflegekinder<\/li>\n\n\n\n<li>Wahleltern \/ Adoptiveltern, Stiefeltern und Pflegeeltern<\/li>\n<\/ul>\n\n\n\n<p><br>Voraussetzungen:<\/p>\n\n\n\n<ul class=\"wp-block-list\">\n<li>Wenn ich ein <strong>behindertes Kind<\/strong> pflege, muss ich<strong> erh\u00f6hte Familienbeihilfe<\/strong> beziehen.<br>Wenn ich eine*n <strong>nahe*n Angeh\u00f6rige*n<\/strong> pflege, muss diese*r Anspruch auf<strong> Pflegegeld mindestens auf Stufe 3<\/strong> haben.<\/li>\n\n\n\n<li><strong>Meine Arbeitskraft<\/strong> muss <strong>erheblich oder ganz beansprucht<\/strong> werden;<\/li>\n\n\n\n<li>die <strong>Pflege<\/strong> muss <strong>in h\u00e4uslicher Umgebung<\/strong> erfolgen,<\/li>\n\n\n\n<li>und mein <strong>Wohnsitz<\/strong> muss <strong>im Inland<\/strong> sein.<\/li>\n<\/ul>\n\n\n\n<p><br>Den <strong>Antrag<\/strong> muss ich bei der <a href=\"https:\/\/www.pv.at\/cdscontent\/?contentid=10007.707551&amp;portal=pvaportal\"><strong>Pensionsversicherungsanstalt<\/strong><\/a> stellen:<br><a href=\"http:\/\/www.pv.at\/cdscontent\/load?contentid=10008.630082&amp;version=1656067214\">Selbstversicherung bei Pflege eines behinderten Kindes<\/a><br><a href=\"http:\/\/www.pv.at\/cdscontent\/load?contentid=10008.577945&amp;version=1550562823\">Selbstversicherung bei Pflege naher Angeh\u00f6riger<\/a><br><a href=\"http:\/\/www.pv.at\/cdscontent\/load?contentid=10008.577950&amp;version=1548317055\">Weiter(Selbst)versicherung<\/a><br>Ich kann den Antrag auch <a href=\"https:\/\/www.pv.at\/cdscontent\/?contentid=10007.707757&amp;portal=pvaportal\">online<\/a> stellen.<\/p>\n\n\n\n<p><br><\/p>\n\n\n\n<div class=\"wp-block-group\"><div class=\"wp-block-group__inner-container is-layout-constrained wp-block-group-is-layout-constrained\">\n<h2 class=\"wp-block-heading\">weitere Informationen<\/h2>\n\n\n\n<ul class=\"wp-block-list\">\n<li><a href=\"https:\/\/www.arbeiterkammer.at\/pensionsversicherung-bei-pflege-von-angehoerigen\">Kostenlose Pensionsversicherung bei Pflege eines Angeh\u00f6rigen (AK)<\/a><\/li>\n\n\n\n<li><a href=\"https:\/\/www.oesterreich.gv.at\/themen\/arbeit_und_pension\/pension\/3\/Seite.270240.html\">Selbstversicherung f\u00fcr Zeiten der Pflege naher Angeh\u00f6riger (oesterreich.gv.at)<\/a><\/li>\n<\/ul>\n<\/div><\/div>\n","protected":false},"excerpt":{"rendered":"<p>Wenn ich eine*n nahe*n Angeh\u00f6rige*n oder ein behindertes Kind pflege, kann ich mich freiwillig und kostenlos in der Pensionsversicherung versichern. Wenn ich mich freiwillig versichere, erwerbe ich Versicherungszeiten. Die Zeiten der freiwilligen Versicherung gelten f\u00fcr die Alterspension genauso, als w\u00e4re ich arbeiten gegangen.Ich bekomme Gutschriften f\u00fcr das Pensionskonto und sp\u00e4ter mehr Pension. Ich kann diese [&hellip;]<\/p>\n","protected":false},"author":2,"featured_media":0,"parent":0,"menu_order":0,"comment_status":"closed","ping_status":"closed","template":"","meta":{"footnotes":""},"class_list":["post-2108","page","type-page","status-publish","hentry"],"_links":{"self":[{"href":"https:\/\/digmit.tantemalkah.at\/index.php\/wp-json\/wp\/v2\/pages\/2108","targetHints":{"allow":["GET"]}}],"collection":[{"href":"https:\/\/digmit.tantemalkah.at\/index.php\/wp-json\/wp\/v2\/pages"}],"about":[{"href":"https:\/\/digmit.tantemalkah.at\/index.php\/wp-json\/wp\/v2\/types\/page"}],"author":[{"embeddable":true,"href":"https:\/\/digmit.tantemalkah.at\/index.php\/wp-json\/wp\/v2\/users\/2"}],"replies":[{"embeddable":true,"href":"https:\/\/digmit.tantemalkah.at\/index.php\/wp-json\/wp\/v2\/comments?post=2108"}],"version-history":[{"count":6,"href":"https:\/\/digmit.tantemalkah.at\/index.php\/wp-json\/wp\/v2\/pages\/2108\/revisions"}],"predecessor-version":[{"id":2753,"href":"https:\/\/digmit.tantemalkah.at\/index.php\/wp-json\/wp\/v2\/pages\/2108\/revisions\/2753"}],"wp:attachment":[{"href":"https:\/\/digmit.tantemalkah.at\/index.php\/wp-json\/wp\/v2\/media?parent=2108"}],"curies":[{"name":"wp","href":"https:\/\/api.w.org\/{rel}","templated":true}]}}