{"id":2096,"date":"2022-11-28T00:50:27","date_gmt":"2022-11-28T00:50:27","guid":{"rendered":"https:\/\/digmit.at\/?page_id=2096"},"modified":"2024-02-23T15:22:45","modified_gmt":"2024-02-23T15:22:45","slug":"familienhospizkarenz","status":"publish","type":"page","link":"https:\/\/digmit.tantemalkah.at\/index.php\/familienhospizkarenz\/","title":{"rendered":"Familienhospizkarenz"},"content":{"rendered":"\n<hr class=\"wp-block-separator has-alpha-channel-opacity\"\/>\n\n\n\n<p>Arbeitnehmer*innen k\u00f6nnen f\u00fcr die <strong>Begleitung sterbender Angeh\u00f6riger<\/strong> oder <strong>schwersterkrankter Kinder<\/strong> eine <strong>Familienhospizkarenz<\/strong> in Anspruch nehmen.<\/p>\n\n\n\n<p><br>In der Familienhospizkarenz kann ich mich <strong>karenzieren<\/strong> lassen, die <strong>Arbeitszeit verk\u00fcrzen<\/strong> oder <strong>\u00e4ndern<\/strong>.<\/p>\n\n\n\n<p><br>Die Familienhospizkarenz kann zur <strong>Sterbebegleitung<\/strong> f\u00fcr <strong>3 Monate<\/strong> beansprucht werden. <br>Auf Antrag kann sie auf bis zu 6 Monate verl\u00e4ngert werden. <\/p>\n\n\n\n<p>Bei <strong>Begleitung schwersterkrankter Kinder<\/strong> kann Familienhospizkarenz f\u00fcr <strong>5 Monate<\/strong> beansprucht werden. <br>Auf Antrag kann sie auf bis zu 9 Monate verl\u00e4ngert werden.<\/p>\n\n\n\n<p><br>W\u00e4hrend der Familienhospizkarenz bin ich <strong>krankenversichert<\/strong> und <strong>pensionsversichert<\/strong>.<\/p>\n\n\n\n<p><\/p>\n\n\n\n<p><br>Ich kann nahe Angeh\u00f6rige auch <strong>im Ausland<\/strong> begleiten.<br>Wenn ich Angeh\u00f6rigen im Ausland begleite, bin ich weiterhin <strong>versichert<\/strong>.<\/p>\n\n\n\n<p><br><\/p>\n\n\n\n<div class=\"wp-block-group\"><div class=\"wp-block-group__inner-container is-layout-constrained wp-block-group-is-layout-constrained\">\n<h2 class=\"wp-block-heading\">weitere Informationen<\/h2>\n\n\n\n<ul class=\"wp-block-list\">\n<li><a href=\"https:\/\/www.arbeiterkammer.at\/beratung\/arbeitundrecht\/krankheitundpflege\/pflege\/Familienhospizkarenz.html\">Familienhospizkarenz (AK)<\/a><\/li>\n\n\n\n<li><a href=\"https:\/\/www.pv.at\/cdscontent\/?portal=pvaportal&amp;contentid=10007.707703\">Pflegende Angeh\u00f6rige (PVA)<\/a><\/li>\n\n\n\n<li><a href=\"https:\/\/broschuerenservice.sozialministerium.at\/Home\/Download?publicationId=389\">Pflegekarenz\/Pflegeteilzeit und Familienhospizkarenz\/ Familienhospizteilzeit (BMSGPK)<\/a><\/li>\n<\/ul>\n<\/div><\/div>\n","protected":false},"excerpt":{"rendered":"<p>Arbeitnehmer*innen k\u00f6nnen f\u00fcr die Begleitung sterbender Angeh\u00f6riger oder schwersterkrankter Kinder eine Familienhospizkarenz in Anspruch nehmen. In der Familienhospizkarenz kann ich mich karenzieren lassen, die Arbeitszeit verk\u00fcrzen oder \u00e4ndern. Die Familienhospizkarenz kann zur Sterbebegleitung f\u00fcr 3 Monate beansprucht werden. Auf Antrag kann sie auf bis zu 6 Monate verl\u00e4ngert werden. Bei Begleitung schwersterkrankter Kinder kann Familienhospizkarenz [&hellip;]<\/p>\n","protected":false},"author":2,"featured_media":0,"parent":0,"menu_order":0,"comment_status":"closed","ping_status":"closed","template":"","meta":{"footnotes":""},"class_list":["post-2096","page","type-page","status-publish","hentry"],"_links":{"self":[{"href":"https:\/\/digmit.tantemalkah.at\/index.php\/wp-json\/wp\/v2\/pages\/2096","targetHints":{"allow":["GET"]}}],"collection":[{"href":"https:\/\/digmit.tantemalkah.at\/index.php\/wp-json\/wp\/v2\/pages"}],"about":[{"href":"https:\/\/digmit.tantemalkah.at\/index.php\/wp-json\/wp\/v2\/types\/page"}],"author":[{"embeddable":true,"href":"https:\/\/digmit.tantemalkah.at\/index.php\/wp-json\/wp\/v2\/users\/2"}],"replies":[{"embeddable":true,"href":"https:\/\/digmit.tantemalkah.at\/index.php\/wp-json\/wp\/v2\/comments?post=2096"}],"version-history":[{"count":18,"href":"https:\/\/digmit.tantemalkah.at\/index.php\/wp-json\/wp\/v2\/pages\/2096\/revisions"}],"predecessor-version":[{"id":2778,"href":"https:\/\/digmit.tantemalkah.at\/index.php\/wp-json\/wp\/v2\/pages\/2096\/revisions\/2778"}],"wp:attachment":[{"href":"https:\/\/digmit.tantemalkah.at\/index.php\/wp-json\/wp\/v2\/media?parent=2096"}],"curies":[{"name":"wp","href":"https:\/\/api.w.org\/{rel}","templated":true}]}}