{"id":2080,"date":"2022-11-28T00:35:33","date_gmt":"2022-11-28T00:35:33","guid":{"rendered":"https:\/\/digmit.at\/?page_id=2080"},"modified":"2024-02-23T15:22:30","modified_gmt":"2024-02-23T15:22:30","slug":"versicherungszeiten","status":"publish","type":"page","link":"https:\/\/digmit.tantemalkah.at\/index.php\/versicherungszeiten\/","title":{"rendered":"Versicherungszeiten"},"content":{"rendered":"\n<hr class=\"wp-block-separator has-alpha-channel-opacity\"\/>\n\n\n\n<p>Ich kann in \u00d6sterreich <strong>in Pension<\/strong> gehen, wenn ich <strong>mindestens 180 Versicherungsmonate<\/strong> (= <strong>15 Jahre<\/strong>) habe. <\/p>\n\n\n\n<p>Von diesen 180 Monaten muss ich <strong>84 Monate<\/strong> (= <strong>7 Jahre<\/strong>) <strong>pensionsversichert gearbeitet<\/strong> haben (= \u00fcber der Geringf\u00fcgigkeitsgrenze, Pflege eines*r nahen Angeh\u00f6rigen* oder eines behinderten Kindes, Familienhospizkarenz).<\/p>\n\n\n\n<p>F\u00fcr die Pension z\u00e4hlen also Zeiten, in denen ich <strong>pensionsversichert gearbeitet<\/strong> habe (= Pflichtversicherung). <br>Das bedeutet, dass ich <strong>mehr als geringf\u00fcgig<\/strong> gearbeitet haben muss.<\/p>\n\n\n\n<p><br>Zur Pension z\u00e4hlen auch Zeiten der<\/p>\n\n\n\n<div class=\"wp-block-buttons is-layout-flex wp-block-buttons-is-layout-flex\">\n<div class=\"wp-block-button\"><a class=\"wp-block-button__link wp-element-button\" href=\"https:\/\/digmit.tantemalkah.at\/index.php\/kindererziehungszeiten\/\">Kindererziehung<\/a><\/div>\n<\/div>\n\n\n\n<div class=\"wp-block-buttons is-layout-flex wp-block-buttons-is-layout-flex\">\n<div class=\"wp-block-button\"><a class=\"wp-block-button__link wp-element-button\" href=\"https:\/\/digmit.tantemalkah.at\/index.php\/pflegekarenz\/\">Pflegekarenz<\/a><\/div>\n<\/div>\n\n\n\n<p>f\u00fcr die <strong>Pflege<\/strong> oder die <strong>Organisation der Pflege naher Angeh\u00f6riger<\/strong><\/p>\n\n\n\n<div class=\"wp-block-buttons is-layout-flex wp-block-buttons-is-layout-flex\">\n<div class=\"wp-block-button\"><a class=\"wp-block-button__link wp-element-button\" href=\"https:\/\/digmit.tantemalkah.at\/index.php\/familienhospizkarenz\/\">Familienhospizkarenz<\/a><\/div>\n<\/div>\n\n\n\n<p>f\u00fcr die <strong>Begleitung sterbender Angeh\u00f6riger<\/strong> oder <strong>schwersterkrankter Kinder<\/strong><\/p>\n\n\n\n<p>sowie Zeiten des<\/p>\n\n\n\n<ul class=\"wp-block-list\">\n<li>Bezugs von <strong>Arbeitslosengeld<\/strong>, <strong>Notstandshilfe<\/strong><\/li>\n\n\n\n<li>Bezugs von <strong>Krankengeld<\/strong>, <strong>Wochengeld<\/strong><\/li>\n\n\n\n<li><strong>Pr\u00e4senzdienst<\/strong>es und <strong>Zivildienst<\/strong>es<\/li>\n\n\n\n<li>\u2026<\/li>\n<\/ul>\n\n\n\n<p><br>Wenn ich <strong>geringf\u00fcgig<\/strong> arbeite, bin ich <strong>nicht pensionsversichert<\/strong> (und auch nicht krankenversichert). <br>Um <strong>Beitragszeiten f\u00fcr die Pension<\/strong> zu erwerben, muss ich mich in der Pensionsversicherung <strong>selbst versichern<\/strong>.<\/p>\n\n\n\n<div class=\"wp-block-buttons is-layout-flex wp-block-buttons-is-layout-flex\">\n<div class=\"wp-block-button\"><a class=\"wp-block-button__link wp-element-button\" href=\"https:\/\/digmit.tantemalkah.at\/index.php\/selbstversicherung-ich-arbeite-geringfugig\/\">Selbstversicherung: Ich arbeite geringf\u00fcgig.<\/a><\/div>\n<\/div>\n\n\n\n<p><br>Wenn ich <strong>eine*n nahe*n Angeh\u00f6rig*en<\/strong> oder <strong>ein behindertes Kind pflege<\/strong>, kann ich mich freiwillig und <strong>kostenlos in der Pensionsversicherung versichern<\/strong>.<\/p>\n\n\n\n<div class=\"wp-block-buttons is-layout-flex wp-block-buttons-is-layout-flex\">\n<div class=\"wp-block-button\"><a class=\"wp-block-button__link wp-element-button\" href=\"https:\/\/digmit.tantemalkah.at\/index.php\/selbstversicherung-ich-pflege-einen-angehorigen\/\">Selbstversicherung: Ich pflege eine*n Angeh\u00f6rige*n.<\/a><\/div>\n<\/div>\n\n\n\n<p><br>Weitere Formen einer <strong>freiwillige<\/strong>n <strong>Versicherung<\/strong> in der Pensionsversicherung:<\/p>\n\n\n\n<ul class=\"wp-block-list\">\n<li><a href=\"https:\/\/www.oesterreich.gv.at\/themen\/arbeit_und_pension\/pension\/3\/Seite.270228.html\">Weiterversicherung<\/a><\/li>\n\n\n\n<li><a href=\"https:\/\/www.oesterreich.gv.at\/themen\/arbeit_und_pension\/pension\/3\/Seite.270228.html\">Weiterversicherung<\/a><span style=\"color: initial;\"> aufgrund der Pflege einer*s nahen Angeh\u00f6rigen* (ab Pflegestufe 3)<\/span><\/li>\n\n\n\n<li><a href=\"https:\/\/www.oesterreich.gv.at\/themen\/arbeit_und_pension\/pension\/3\/Seite.270217.html\">Selbstversicherung<\/a><a href=\"https:\/\/www.oesterreich.gv.at\/themen\/arbeit_und_pension\/pension\/3.html\">\u201eOpting in\u201c bei geringf\u00fcgiger Besch\u00e4ftigung<\/a><\/li>\n\n\n\n<li><a href=\"https:\/\/www.oesterreich.gv.at\/themen\/arbeit_und_pension\/pension\/Seite.270214.html\">Nachkauf von Schul-, Studien- und Ausbildungszeiten<\/a><\/li>\n<\/ul>\n\n\n\n<p><br>Wenn ich <strong>im Ausland gearbeitet<\/strong> habe, kann ich mir diese <strong>Arbeitszeiten<\/strong> \/<strong> Versicherungszeiten<\/strong> f\u00fcr meine Pension <strong>in \u00d6sterreich anrechnen<\/strong> lassen.<br>Die Arbeitszeiten im Ausland werden mitgerechnet, um zu schauen, ob ich <strong>genug Versicherungsjahre f\u00fcr eine Pension in \u00d6sterreich<\/strong> habe.<br><strong>Wie hoch<\/strong> meine <strong>\u00f6sterreichische Pension<\/strong> ist, h\u00e4ngt von meinen <strong>\u00f6sterreichischen Versicherungszeiten<\/strong> ab.<br>F\u00fcr die H\u00f6he der \u00f6sterreichischen Pension z\u00e4hlen also <strong>nur<\/strong> meine <strong>Arbeitszeiten in \u00d6sterreich<\/strong>; <strong>Versicherungszeiten im Ausland<\/strong> werden <strong>nicht mitgerechnet<\/strong>.<br>Weitere Informationen zum Thema \u201e<strong>Versicherungszeiten im Ausland<\/strong>\u201c finde ich <a href=\"https:\/\/digmit.tantemalkah.at\/index.php\/ich-habe-im-ausland-gearbeitet\/\" data-type=\"page\" data-id=\"2194\">hier<\/a>. <\/p>\n\n\n\n<p><br><strong>Wann<\/strong> ich in <strong>Pension<\/strong> gehen kann und <strong>wie hoch<\/strong> meine Pension sein wird, kann ich mit dem <strong><a href=\"https:\/\/pensionsrechner.arbeiterkammer.at\/pkr-on2\/\">AK-Pensionsrechner<\/a><\/strong> berechnen:<\/p>\n\n\n<p><iframe loading=\"lazy\" src=\"https:\/\/www.pensionskontorechner.at\/#\/start\/\" width=\"100%\" height=\"3000px\"><\/iframe><\/p>\n\n\n<p><\/p>\n\n\n\n<p><br><\/p>\n\n\n\n<div class=\"wp-block-group\"><div class=\"wp-block-group__inner-container is-layout-constrained wp-block-group-is-layout-constrained\">\n<h2 class=\"wp-block-heading\">weitere Informationen<\/h2>\n\n\n\n<ul class=\"wp-block-list\">\n<li><a href=\"https:\/\/www.pv.at\/cdscontent\/load?contentid=10008.577841&amp;version=1578392155\">Versicherungszeiten (PV)<\/a><\/li>\n\n\n\n<li><a href=\"https:\/\/www.oesterreich.gv.at\/themen\/arbeit_und_pension\/pension\/1\/1\/Seite.270112.html\">Versicherungszeiten (oesterreich.gv.at)<\/a><\/li>\n<\/ul>\n<\/div><\/div>\n","protected":false},"excerpt":{"rendered":"<p>Ich kann in \u00d6sterreich in Pension gehen, wenn ich mindestens 180 Versicherungsmonate (= 15 Jahre) habe. Von diesen 180 Monaten muss ich 84 Monate (= 7 Jahre) pensionsversichert gearbeitet haben (= \u00fcber der Geringf\u00fcgigkeitsgrenze, Pflege eines*r nahen Angeh\u00f6rigen* oder eines behinderten Kindes, Familienhospizkarenz). F\u00fcr die Pension z\u00e4hlen also Zeiten, in denen ich pensionsversichert gearbeitet habe [&hellip;]<\/p>\n","protected":false},"author":2,"featured_media":0,"parent":0,"menu_order":0,"comment_status":"closed","ping_status":"closed","template":"","meta":{"footnotes":""},"class_list":["post-2080","page","type-page","status-publish","hentry"],"_links":{"self":[{"href":"https:\/\/digmit.tantemalkah.at\/index.php\/wp-json\/wp\/v2\/pages\/2080","targetHints":{"allow":["GET"]}}],"collection":[{"href":"https:\/\/digmit.tantemalkah.at\/index.php\/wp-json\/wp\/v2\/pages"}],"about":[{"href":"https:\/\/digmit.tantemalkah.at\/index.php\/wp-json\/wp\/v2\/types\/page"}],"author":[{"embeddable":true,"href":"https:\/\/digmit.tantemalkah.at\/index.php\/wp-json\/wp\/v2\/users\/2"}],"replies":[{"embeddable":true,"href":"https:\/\/digmit.tantemalkah.at\/index.php\/wp-json\/wp\/v2\/comments?post=2080"}],"version-history":[{"count":17,"href":"https:\/\/digmit.tantemalkah.at\/index.php\/wp-json\/wp\/v2\/pages\/2080\/revisions"}],"predecessor-version":[{"id":2765,"href":"https:\/\/digmit.tantemalkah.at\/index.php\/wp-json\/wp\/v2\/pages\/2080\/revisions\/2765"}],"wp:attachment":[{"href":"https:\/\/digmit.tantemalkah.at\/index.php\/wp-json\/wp\/v2\/media?parent=2080"}],"curies":[{"name":"wp","href":"https:\/\/api.w.org\/{rel}","templated":true}]}}