{"id":2073,"date":"2022-11-28T00:14:56","date_gmt":"2022-11-28T00:14:56","guid":{"rendered":"https:\/\/digmit.at\/?page_id=2073"},"modified":"2024-02-23T15:22:29","modified_gmt":"2024-02-23T15:22:29","slug":"alterspension-regelpension","status":"publish","type":"page","link":"https:\/\/digmit.tantemalkah.at\/index.php\/alterspension-regelpension\/","title":{"rendered":"Alterspension \/ Regelpension"},"content":{"rendered":"\n<hr class=\"wp-block-separator has-alpha-channel-opacity\"\/>\n\n\n\n<p>Ich kann in \u00d6sterreich <br>als <strong>Frau* mit 60 bis 65 Jahren<\/strong> \/ <br>als <strong>Mann* mit 65 Jahren<\/strong><br><strong>in Pension<\/strong> gehen, <br>wenn ich <strong>mindestens 180 Versicherungsmonate<\/strong> (= <strong>15 Jahre<\/strong>) habe. <\/p>\n\n\n\n<p>Von diesen 180 Monaten muss ich <strong>84 Monate<\/strong> (= <strong>7 Jahre<\/strong>) <strong>versichert gearbeitet<\/strong> haben (= \u00fcber der Geringf\u00fcgigkeitsgrenze, Pflege eines*r nahen Angeh\u00f6rigen* oder eines behinderten Kindes, Familienhospizkarenz).<br><br>Das <strong>Regelpensionsalter<\/strong> f\u00fcr die <strong>Alterspension<\/strong> liegt also f\u00fcr <strong>Frauen*<\/strong> bei <strong>60 bis 65 Jahre<\/strong>n, bei <strong>M\u00e4nner<\/strong>n bei <strong>65 Jahre<\/strong>n.<\/p>\n\n\n\n<p>Ab 2024 wird das <strong>Frauenpensionsalter<\/strong> stufenweise angehoben. Das bedeutet, dass Frauen* in Zukunft l\u00e4nger arbeiten m\u00fcssen, um in Pension gehen zu k\u00f6nnen.<\/p>\n\n\n\n<p>Wann ich als Frau* in Pension gehen kann, kommt auf mein Geburtsdatum an: <br>Frauen*, die <strong>bis 1.12.1963 geboren<\/strong> sind, k\u00f6nnen noch <strong>mit 60 Jahren in Pension<\/strong> gehen. <br>Frauen*, die <strong>ab dem 2.6.1968 geboren<\/strong> sind, k\u00f6nnen erst <strong>mit 65 Jahren in Pension<\/strong> gehen.<br>Ab 2033 k\u00f6nnen Frauen* also erst mit 65 Jahren in Pension gehen.<\/p>\n\n\n\n<p>Diese Tabelle zeigt mir, mit wie vielen Jahren Frauen* in Pension gehen k\u00f6nnen:<\/p>\n\n\n\n<figure class=\"wp-block-table\"><table><tbody><tr><td><strong>Geburtsdatum<\/strong><\/td><td><strong>Pensionsalter<\/strong><\/td><\/tr><tr><td>bis 1.12.1963<\/td><td>60,0<\/td><\/tr><tr><td>2.12.1963 bis 1.6.1964<\/td><td>60,5<\/td><\/tr><tr><td>2.6.1964 bis 1.12.1964<\/td><td>61,0<\/td><\/tr><tr><td>2.12.1964 bis 1.6.1965<\/td><td>61,5<\/td><\/tr><tr><td>2.6.1965 bis 1.12.1965<\/td><td>62,0<\/td><\/tr><tr><td>2.12.1965 bis 1.6.1966<\/td><td>62,5<\/td><\/tr><tr><td>2.6.1966 bis 1.12.1966<\/td><td>63,0<\/td><\/tr><tr><td>2.12.1966 bis 1.6.1967<\/td><td>63,5<\/td><\/tr><tr><td>2.6.1967 bis 1.12.1967<\/td><td>64,0<\/td><\/tr><tr><td>2.12.1967 bis 1.6.1968<\/td><td>64,5<\/td><\/tr><tr><td>ab 2.6.1968<\/td><td>65,0<\/td><\/tr><\/tbody><\/table><figcaption class=\"wp-element-caption\"><a href=\"http:\/\/Tabelle (AK)\">Tabelle (AK)<\/a><\/figcaption><\/figure>\n\n\n\n<p><\/p>\n\n\n\n<figure class=\"wp-block-embed is-type-video is-provider-youtube wp-block-embed-youtube wp-embed-aspect-16-9 wp-has-aspect-ratio\"><div class=\"wp-block-embed__wrapper\">\n<iframe loading=\"lazy\" title=\"Das Regelpensionsalter\" width=\"500\" height=\"281\" src=\"https:\/\/www.youtube.com\/embed\/rsw7PHEihDg?list=PLktLirIUW9qxmekNW_GJrVZRcsaN5YfIe\" frameborder=\"0\" allow=\"accelerometer; autoplay; clipboard-write; encrypted-media; gyroscope; picture-in-picture; web-share\" referrerpolicy=\"strict-origin-when-cross-origin\" allowfullscreen><\/iframe>\n<\/div><figcaption class=\"wp-element-caption\"><a href=\"https:\/\/www.youtube.com\/watch?v=rsw7PHEihDg&amp;list=PLktLirIUW9qxmekNW_GJrVZRcsaN5YfIe&amp;index=5\">Das Regelpensionsalter (AK)<\/a><\/figcaption><\/figure>\n\n\n\n<p>HINWEIS<br><strong>Wenn ich schon in Alterspension gehen kann und noch weiterarbeite<\/strong>, bekomme ich sp\u00e4ter eine <strong>h\u00f6here Pension<\/strong>.<\/p>\n\n\n\n<p><br><strong>Wann<\/strong> ich in <strong>Pension<\/strong> gehen kann und <strong>wie hoch<\/strong> meine Pension sein wird, kann ich mit dem <strong><a href=\"https:\/\/pensionsrechner.arbeiterkammer.at\/pkr-on2\/\">AK-Pensionsrechner<\/a><\/strong> berechnen:<\/p>\n\n\n<p><iframe loading=\"lazy\" src=\"https:\/\/www.pensionskontorechner.at\/#\/start\/\" width=\"100%\" height=\"3000px\"><\/iframe><\/p>","protected":false},"excerpt":{"rendered":"<p>Ich kann in \u00d6sterreich als Frau* mit 60 bis 65 Jahren \/ als Mann* mit 65 Jahrenin Pension gehen, wenn ich mindestens 180 Versicherungsmonate (= 15 Jahre) habe. Von diesen 180 Monaten muss ich 84 Monate (= 7 Jahre) versichert gearbeitet haben (= \u00fcber der Geringf\u00fcgigkeitsgrenze, Pflege eines*r nahen Angeh\u00f6rigen* oder eines behinderten Kindes, Familienhospizkarenz). [&hellip;]<\/p>\n","protected":false},"author":2,"featured_media":0,"parent":0,"menu_order":0,"comment_status":"closed","ping_status":"closed","template":"","meta":{"footnotes":""},"class_list":["post-2073","page","type-page","status-publish","hentry"],"_links":{"self":[{"href":"https:\/\/digmit.tantemalkah.at\/index.php\/wp-json\/wp\/v2\/pages\/2073","targetHints":{"allow":["GET"]}}],"collection":[{"href":"https:\/\/digmit.tantemalkah.at\/index.php\/wp-json\/wp\/v2\/pages"}],"about":[{"href":"https:\/\/digmit.tantemalkah.at\/index.php\/wp-json\/wp\/v2\/types\/page"}],"author":[{"embeddable":true,"href":"https:\/\/digmit.tantemalkah.at\/index.php\/wp-json\/wp\/v2\/users\/2"}],"replies":[{"embeddable":true,"href":"https:\/\/digmit.tantemalkah.at\/index.php\/wp-json\/wp\/v2\/comments?post=2073"}],"version-history":[{"count":11,"href":"https:\/\/digmit.tantemalkah.at\/index.php\/wp-json\/wp\/v2\/pages\/2073\/revisions"}],"predecessor-version":[{"id":2754,"href":"https:\/\/digmit.tantemalkah.at\/index.php\/wp-json\/wp\/v2\/pages\/2073\/revisions\/2754"}],"wp:attachment":[{"href":"https:\/\/digmit.tantemalkah.at\/index.php\/wp-json\/wp\/v2\/media?parent=2073"}],"curies":[{"name":"wp","href":"https:\/\/api.w.org\/{rel}","templated":true}]}}