{"id":2038,"date":"2022-11-27T18:08:25","date_gmt":"2022-11-27T18:08:25","guid":{"rendered":"https:\/\/digmit.at\/?page_id=2038"},"modified":"2024-02-23T15:22:29","modified_gmt":"2024-02-23T15:22:29","slug":"kindererziehungszeiten","status":"publish","type":"page","link":"https:\/\/digmit.tantemalkah.at\/index.php\/kindererziehungszeiten\/","title":{"rendered":"Kindererziehungszeiten"},"content":{"rendered":"\n<hr class=\"wp-block-separator has-alpha-channel-opacity\"\/>\n\n\n\n<p>Ich kann in \u00d6sterreich <strong>in Pension<\/strong> gehen, wenn ich <strong>mindestens 180 Versicherungsmonate<\/strong> (= <strong>15 Jahre<\/strong>) habe. <br>Von diesen 180 Monaten muss ich <strong>84 Monate<\/strong> (= <strong>7 Jahre<\/strong>) <strong>versichert gearbeitet<\/strong> (= \u00fcber der Geringf\u00fcgigkeitsgrenze) haben. <\/p>\n\n\n\n<p>Auch Zeiten der <strong>Kindererziehung<\/strong> gelten als <strong>Versicherungsmonate f\u00fcr die Pension<\/strong>. <br>F\u00fcr die Pension z\u00e4hlen aber <strong>nur Kindererziehungszeiten in \u00d6sterreich<\/strong>, in <strong>EU<\/strong>&#8211; und <strong>EWR<\/strong>-Staaten.<br><br>Kindererziehungszeiten werden dem <strong>Elternteil<\/strong> angerechnet, der das <strong>Kind \u00fcberwiegend <\/strong>(= <strong>die meiste Zeit<\/strong>) <strong>erzogen<\/strong> hat. <br><br><strong>Pro Kind<\/strong> werden <strong>bis zu 4 Jahre<\/strong> (= <strong>48 Monate<\/strong>) angerechnet.<br>Bei Mehrlingsgeburten (= Zwillinge, Drillinge\u2026) sind es 5 Jahre (= 60 Monate).<\/p>\n\n\n\n<p>Wenn ich noch ein Kind bekomme, bevor das erste Kind 4 Jahre alt ist, <strong>endet die Kindererziehungszeit f\u00fcr das erste Kind mit Beginn der Kindererziehungszeit f\u00fcr das zweite Kind<\/strong>. <\/p>\n\n\n\n<p>Beispiel: <br>Mein erstes Kind ist 2,5 Jahre (= 30 Monate) alt, als ich ein zweites Kind bekomme. 5 Jahre sp\u00e4ter bekomme ich mein drittes und letztes Kind. Ich erziehe \u00fcberwiegend die Kinder.<br>F\u00fcr das erste Kind werden mir 30 Monate, f\u00fcr das zweite und f\u00fcr das dritte Kind je 4 Jahre (= 48 Monate) angerechnet. Insgesamt werden mir also 126 Monate (= 10,5 Jahre) Kindererziehungszeit angerechnet. <br><br>Durch <strong>Kindererziehungszeiten allein<\/strong> kann ich <strong>keinen Pensionsanspruch<\/strong> erwerben. Ich muss mindestens <strong>84 Monate<\/strong> (= <strong>7 Jahre<\/strong>) <strong>versichert gearbeitet<\/strong> haben.<\/p>\n\n\n\n<p><strong>Kindererziehungszeiten<\/strong> k\u00f6nnen zu einer <strong>geringere<\/strong>n <strong>Pension<\/strong> f\u00fchren. Durch das <strong><a href=\"https:\/\/digmit.tantemalkah.at\/index.php\/pensionssplitting\/\">Pensionssplitting<\/a><\/strong> ist es m\u00f6glich, diesen Verlust auszugleichen.<\/p>\n\n\n\n<p><br><\/p>\n\n\n\n<div class=\"wp-block-group\"><div class=\"wp-block-group__inner-container is-layout-constrained wp-block-group-is-layout-constrained\">\n<h2 class=\"wp-block-heading\">weitere Informationen<\/h2>\n\n\n\n<ul class=\"wp-block-list\">\n<li>Video: <a href=\"https:\/\/www.oegsbarrierefrei.at\/bm-sozial\/kindererziehungszeiten-und-pensionssplitting\/\">Anrechnung von Kindererziehungszeiten und Pensionssplitting (\u00d6GS)<\/a><\/li>\n\n\n\n<li>Video: <a href=\"https:\/\/www.youtube.com\/watch?v=OYId81_Fp2Y\">TRAPEZ \u2013 Transparente Pensionszukunft: Absicherungsm\u00f6glichkeiten f\u00fcr Eltern (Bundeskanzleramt \u00d6sterreich)<\/a><\/li>\n\n\n\n<li><a href=\"https:\/\/www.oesterreich.gv.at\/themen\/arbeit_und_pension\/pension\/Seite.270215.html\">Kindererziehungszeiten und Pension (oesterreich.gv.at)<\/a><\/li>\n<\/ul>\n<\/div><\/div>\n","protected":false},"excerpt":{"rendered":"<p>Ich kann in \u00d6sterreich in Pension gehen, wenn ich mindestens 180 Versicherungsmonate (= 15 Jahre) habe. Von diesen 180 Monaten muss ich 84 Monate (= 7 Jahre) versichert gearbeitet (= \u00fcber der Geringf\u00fcgigkeitsgrenze) haben. Auch Zeiten der Kindererziehung gelten als Versicherungsmonate f\u00fcr die Pension. F\u00fcr die Pension z\u00e4hlen aber nur Kindererziehungszeiten in \u00d6sterreich, in EU&#8211; [&hellip;]<\/p>\n","protected":false},"author":2,"featured_media":0,"parent":0,"menu_order":0,"comment_status":"closed","ping_status":"closed","template":"","meta":{"footnotes":""},"class_list":["post-2038","page","type-page","status-publish","hentry"],"_links":{"self":[{"href":"https:\/\/digmit.tantemalkah.at\/index.php\/wp-json\/wp\/v2\/pages\/2038","targetHints":{"allow":["GET"]}}],"collection":[{"href":"https:\/\/digmit.tantemalkah.at\/index.php\/wp-json\/wp\/v2\/pages"}],"about":[{"href":"https:\/\/digmit.tantemalkah.at\/index.php\/wp-json\/wp\/v2\/types\/page"}],"author":[{"embeddable":true,"href":"https:\/\/digmit.tantemalkah.at\/index.php\/wp-json\/wp\/v2\/users\/2"}],"replies":[{"embeddable":true,"href":"https:\/\/digmit.tantemalkah.at\/index.php\/wp-json\/wp\/v2\/comments?post=2038"}],"version-history":[{"count":17,"href":"https:\/\/digmit.tantemalkah.at\/index.php\/wp-json\/wp\/v2\/pages\/2038\/revisions"}],"predecessor-version":[{"id":2759,"href":"https:\/\/digmit.tantemalkah.at\/index.php\/wp-json\/wp\/v2\/pages\/2038\/revisions\/2759"}],"wp:attachment":[{"href":"https:\/\/digmit.tantemalkah.at\/index.php\/wp-json\/wp\/v2\/media?parent=2038"}],"curies":[{"name":"wp","href":"https:\/\/api.w.org\/{rel}","templated":true}]}}