{"id":2023,"date":"2022-11-27T17:49:31","date_gmt":"2022-11-27T17:49:31","guid":{"rendered":"https:\/\/digmit.at\/?page_id=2023"},"modified":"2024-02-23T15:22:31","modified_gmt":"2024-02-23T15:22:31","slug":"ich-bin-alter-ich-arbeite-und-mochte-mich-weiterbilden","status":"publish","type":"page","link":"https:\/\/digmit.tantemalkah.at\/index.php\/startseite\/alter-pension-2\/arbeiten-alter-altere-arbeitnehmerinnen\/ich-bin-alter-ich-arbeite-und-mochte-mich-weiterbilden\/","title":{"rendered":"Ich bin \u00e4lter, ich arbeite und m\u00f6chte mich weiterbilden."},"content":{"rendered":"\n<hr class=\"wp-block-separator has-alpha-channel-opacity\"\/>\n\n\n\n<h3 class=\"wp-block-heading\"><strong>AMS-Qualifizierungsf\u00f6rderung f\u00fcr Besch\u00e4ftigte<\/strong><\/h3>\n\n\n\n<p>Das Arbeitsmarktservice (AMS) f\u00f6rdert mit dieser Beihilfe die Kosten der Qualifizierungsma\u00dfnahmen von <\/p>\n\n\n\n<ul class=\"wp-block-list\">\n<li>Arbeitnehmer*innen mit <strong>h\u00f6chstens Pflichtschulabschluss<\/strong>,<\/li>\n\n\n\n<li><strong>weiblichen Arbeitnehmer*innen<\/strong><\/li>\n\n\n\n<li>und Arbeitnehmer*innen <strong>ab 45<\/strong> Jahren.<\/li>\n<\/ul>\n\n\n\n<p><br>Ziele: <\/p>\n\n\n\n<ul class=\"wp-block-list\">\n<li>Qualifizierung <\/li>\n\n\n\n<li>fachliche Spezialisierung<\/li>\n\n\n\n<li>Sicherung von Arbeitspl\u00e4tzen <\/li>\n\n\n\n<li>beruflicher Aufstieg<\/li>\n\n\n\n<li>h\u00f6heres Einkommen<\/li>\n\n\n\n<li>Verbesserung von Basiskompetenzen (z.B. Deutschkenntnisse, Computerkenntnisse)<\/li>\n\n\n\n<li>Abschluss einer zertifizierten Ausbildung<\/li>\n<\/ul>\n\n\n\n<p><br><strong>Arbeitnehmer*innen ab 45 Jahren<\/strong> soll durch die Qualifizierungsma\u00dfnahme erm\u00f6glicht werden,<\/p>\n\n\n\n<ul class=\"wp-block-list\">\n<li><strong>alternsgerechte\/weniger belastende T\u00e4tigkeiten<\/strong> am selben Arbeitsplatz zu \u00fcbernehmen,<\/li>\n\n\n\n<li>auf einen <strong>alternsgerechten\/weniger belastenden Arbeitsplatz<\/strong> zu wechseln<\/li>\n\n\n\n<li>und ihr <strong>Wissen<\/strong> \u2013 auch im Bereich der <strong>Technik<\/strong> \u2013 zu <strong>erweitern<\/strong>.<\/li>\n<\/ul>\n\n\n\n<p><br>Mein <strong>Unternehmen<\/strong> muss die <strong>F\u00f6rderung beim AMS beantragen<\/strong>.<br><br><\/p>\n\n\n\n<div class=\"wp-block-group\"><div class=\"wp-block-group__inner-container is-layout-constrained wp-block-group-is-layout-constrained\">\n<h2 class=\"wp-block-heading\">weitere Informationen<\/h2>\n\n\n\n<ul class=\"wp-block-list\">\n<li><a href=\"https:\/\/wien.arbeiterkammer.at\/beratung\/bildung\/bildungsfoerderungen\/AMS_Qualifizierungsfoerderung.html\">AMS-Qualifizierungsf\u00f6rderung f\u00fcr Besch\u00e4ftigte (AK)<\/a><\/li>\n\n\n\n<li><a href=\"https:\/\/www.ams.at\/unternehmen\/personal--und-organisationsentwicklung\/qualifizierungsfoerderung-fuer-beschaeftigte\">Qualifizierungsf\u00f6rderung f\u00fcr Besch\u00e4ftigte &#8211; NEU f\u00fcr Live-Online-Kurse (AMS)<\/a><\/li>\n<\/ul>\n<\/div><\/div>\n","protected":false},"excerpt":{"rendered":"<p>AMS-Qualifizierungsf\u00f6rderung f\u00fcr Besch\u00e4ftigte Das Arbeitsmarktservice (AMS) f\u00f6rdert mit dieser Beihilfe die Kosten der Qualifizierungsma\u00dfnahmen von Ziele: Arbeitnehmer*innen ab 45 Jahren soll durch die Qualifizierungsma\u00dfnahme erm\u00f6glicht werden, Mein Unternehmen muss die F\u00f6rderung beim AMS beantragen. weitere Informationen<\/p>\n","protected":false},"author":2,"featured_media":0,"parent":1984,"menu_order":0,"comment_status":"closed","ping_status":"closed","template":"","meta":{"footnotes":""},"class_list":["post-2023","page","type-page","status-publish","hentry"],"_links":{"self":[{"href":"https:\/\/digmit.tantemalkah.at\/index.php\/wp-json\/wp\/v2\/pages\/2023","targetHints":{"allow":["GET"]}}],"collection":[{"href":"https:\/\/digmit.tantemalkah.at\/index.php\/wp-json\/wp\/v2\/pages"}],"about":[{"href":"https:\/\/digmit.tantemalkah.at\/index.php\/wp-json\/wp\/v2\/types\/page"}],"author":[{"embeddable":true,"href":"https:\/\/digmit.tantemalkah.at\/index.php\/wp-json\/wp\/v2\/users\/2"}],"replies":[{"embeddable":true,"href":"https:\/\/digmit.tantemalkah.at\/index.php\/wp-json\/wp\/v2\/comments?post=2023"}],"version-history":[{"count":7,"href":"https:\/\/digmit.tantemalkah.at\/index.php\/wp-json\/wp\/v2\/pages\/2023\/revisions"}],"predecessor-version":[{"id":2774,"href":"https:\/\/digmit.tantemalkah.at\/index.php\/wp-json\/wp\/v2\/pages\/2023\/revisions\/2774"}],"up":[{"embeddable":true,"href":"https:\/\/digmit.tantemalkah.at\/index.php\/wp-json\/wp\/v2\/pages\/1984"}],"wp:attachment":[{"href":"https:\/\/digmit.tantemalkah.at\/index.php\/wp-json\/wp\/v2\/media?parent=2023"}],"curies":[{"name":"wp","href":"https:\/\/api.w.org\/{rel}","templated":true}]}}