{"id":180,"date":"2020-10-29T01:25:48","date_gmt":"2020-10-29T01:25:48","guid":{"rendered":"https:\/\/digmit.tantemalkah.at\/?page_id=180"},"modified":"2024-02-23T15:22:45","modified_gmt":"2024-02-23T15:22:45","slug":"ich-bin-krank-und-bin-nicht-versichert","status":"publish","type":"page","link":"https:\/\/digmit.tantemalkah.at\/index.php\/startseite\/gesundheit\/ich-bin-krank\/ich-bin-krank-und-bin-nicht-versichert\/","title":{"rendered":"Ich bin krank und bin nicht versichert."},"content":{"rendered":"\n<p><strong>Wenn ich nicht versichert bin<\/strong> und einen Aufenthaltstitel (\u201eVisum\u201c) in \u00d6sterreich habe, kann ich mich <strong><a href=\"https:\/\/www.gesundheitskasse.at\/cdscontent\/?contentid=10007.837841\">selbst versichern<\/a><\/strong>. <br><br>Wenn ich nicht versichert bin, muss mich ein*e \u00c4rzt*in nur im <strong><a href=\"https:\/\/digmit.tantemalkah.at\/index.php\/startseite\/gesundheit\/ich-suche-eine-n-arztin\/notfall\/\" data-type=\"page\" data-id=\"523\">Notfall<\/a><\/strong> behandeln. <br>Das gilt auch dann, wenn ich <strong>keinen Aufenthaltstitel<\/strong> (\u201e<strong>Visum<\/strong>\u201c) habe.<br><br>Wenn ich nicht versichert bin und keinen Notfall habe, muss ich die <strong>Behandlung selbst zahlen<\/strong>. <br><br>Wenn ich <strong>nicht versichert<\/strong> bin, <strong>kein Geld<\/strong> habe und zum*r \u00c4rzt*in gehen muss, kann ich ins Gesundheitszentrum Amber-Med oder ins Krankenhaus der Barmherzigen Br\u00fcder gehen. Dort kann ich <strong>kostenlos<\/strong> behandelt werden.<br><br><strong><a href=\"https:\/\/www.amber-med.at\">Amber-Med<\/a><\/strong> ist ein ambulantes Gesundheitszentrum im 23. Bezirk. Wenn ich nicht versichert bin, bekomme ich dort kostenlose medizinische Behandlung. <br>Bei Amber-Med gibt es \u00c4rzt*innen f\u00fcr folgende Bereiche: Allgemeinmedizin (an 4 Tagen in der Woche), Augenheilkunde, Gyn\u00e4kologie, Urologie, P\u00e4diatrie\/Kinderheilkunde, Neurologie, Kardiologie\/Herz, Psychiatrie, Dermatologie\/Haut und Innere Medizin. <br><strong>Dolmetsch<\/strong> in den <strong>Sprachen<\/strong>: Arabisch, BKS, Bulgarisch, Chinesisch, Romanes, Rum\u00e4nisch und Russisch<br><br>Wenn ich nicht versichert bin, kann ich mich auch im <strong><a href=\"https:\/\/www.barmherzige-brueder.at\/site\/wien\/home\">Krankenhaus der Barmherzigen Br\u00fcder<\/a><\/strong> im 2. Bezirk kostenlos behandeln lassen. <br>Dort gibt es verschiedene Ambulanzen \u2013 unter anderem eine Zahnambulanz und eine gyn\u00e4kologische Ambulanz.<br><br>Wenn ich <strong>keine Wohnung<\/strong> habe, also wohnungslos bin, kann ich ins <strong><a href=\"https:\/\/www.neunerhaus.at\/hilfe\/medizin-gesundheit\/\">neunerhaus Gesundheitszentrum<\/a><\/strong> gehen. Dort bekomme ich \u00e4rztliche und auch zahnmedizinische Behandlung.<\/p>\n\n\n\n<p><br><\/p>\n\n\n\n<div class=\"wp-block-group\"><div class=\"wp-block-group__inner-container is-layout-constrained wp-block-group-is-layout-constrained\">\n<h2 class=\"wp-block-heading\">weitere Informationen<\/h2>\n\n\n\n<ul class=\"wp-block-list\">\n<li><a href=\"https:\/\/www.amber-med.at\">Amber-Med<\/a><br>Mehrsprachige Information:\n<ul class=\"wp-block-list\">\n<li><a href=\"https:\/\/amber-med.at\/wp-content\/uploads\/2021\/01\/SERBISCH-2.pdf\">bosanski\/hrvatski\/srpski<\/a><\/li>\n\n\n\n<li><a href=\"https:\/\/amber-med.at\/wp-content\/uploads\/2021\/01\/Ruma%CC%88nisch-AmberMed-Information.pdf\">rom\u00e2n\u0103<\/a><\/li>\n\n\n\n<li><a href=\"https:\/\/amber-med.at\/wp-content\/uploads\/2021\/01\/Russisch-AmberMed-Information.pdf\">\u0440\u0443\u0441\u0441\u043a\u0438\u0439<\/a><\/li>\n\n\n\n<li><a href=\"https:\/\/amber-med.at\/wp-content\/uploads\/2021\/01\/chinesisch.doc.pdf\">\u4e2d\u6587<\/a><\/li>\n\n\n\n<li><a href=\"https:\/\/amber-med.at\/wp-content\/uploads\/2021\/01\/Englisch-AmberMed-Information.pdf\">english<\/a><\/li>\n\n\n\n<li><a href=\"https:\/\/amber-med.at\/wp-content\/uploads\/2021\/02\/Franzo%CC%88sisch-AmberMed-Information.pdf\">fran\u00e7ais<\/a><\/li>\n\n\n\n<li><a href=\"https:\/\/amber-med.at\/wp-content\/uploads\/2021\/02\/Ungarisch-AmberMed-Information.pdf\">magyar<\/a><\/li>\n\n\n\n<li><a href=\"https:\/\/amber-med.at\/wp-content\/uploads\/2021\/02\/Polnisch-AmberMed-Information.pdf\">polskie<\/a><\/li>\n\n\n\n<li><a href=\"https:\/\/amber-med.at\/wp-content\/uploads\/2021\/02\/Tschechisch-AmberMed-Information.pdf\">\u010de\u0161tina<\/a><\/li>\n\n\n\n<li><a href=\"https:\/\/amber-med.at\/wp-content\/uploads\/2021\/01\/Arabisch-AmberMed-Information.pdf\">\u0639\u0631\u0628\u0649<\/a><\/li>\n<\/ul>\n<\/li>\n\n\n\n<li><a href=\"https:\/\/www.barmherzige-brueder.at\/site\/wien\/home\">Krankenhaus der Barmherzigen Br\u00fcder<\/a>\n<ul class=\"wp-block-list\">\n<li><a href=\"https:\/\/www.barmherzige-brueder.at\/portal\/wien\/medizinpflege\">Medizin Pflege (Ambulanzen, Abteilungen, Institute)<\/a><\/li>\n\n\n\n<li><a href=\"https:\/\/www.barmherzige-brueder.at\/site\/wien\/medizinpflege\/abteilungeninstitute\/zahnambulanz\">Zahnambulanz<\/a><\/li>\n<\/ul>\n<\/li>\n\n\n\n<li><a href=\"https:\/\/www.neunerhaus.at\/hilfe\/medizin-gesundheit\/\">neunerhaus Gesundheitszentrum<\/a><\/li>\n\n\n\n<li><a href=\"https:\/\/www.gesundheitskasse.at\/cdscontent\/?contentid=10007.837841\">Selbstversicherung (\u00d6GK)<\/a><\/li>\n<\/ul>\n<\/div><\/div>\n","protected":false},"excerpt":{"rendered":"<p>Wenn ich nicht versichert bin und einen Aufenthaltstitel (\u201eVisum\u201c) in \u00d6sterreich habe, kann ich mich selbst versichern. Wenn ich nicht versichert bin, muss mich ein*e \u00c4rzt*in nur im Notfall behandeln. Das gilt auch dann, wenn ich keinen Aufenthaltstitel (\u201eVisum\u201c) habe. Wenn ich nicht versichert bin und keinen Notfall habe, muss ich die Behandlung selbst zahlen. [&hellip;]<\/p>\n","protected":false},"author":2,"featured_media":0,"parent":31,"menu_order":0,"comment_status":"closed","ping_status":"closed","template":"","meta":{"footnotes":""},"class_list":["post-180","page","type-page","status-publish","hentry"],"_links":{"self":[{"href":"https:\/\/digmit.tantemalkah.at\/index.php\/wp-json\/wp\/v2\/pages\/180","targetHints":{"allow":["GET"]}}],"collection":[{"href":"https:\/\/digmit.tantemalkah.at\/index.php\/wp-json\/wp\/v2\/pages"}],"about":[{"href":"https:\/\/digmit.tantemalkah.at\/index.php\/wp-json\/wp\/v2\/types\/page"}],"author":[{"embeddable":true,"href":"https:\/\/digmit.tantemalkah.at\/index.php\/wp-json\/wp\/v2\/users\/2"}],"replies":[{"embeddable":true,"href":"https:\/\/digmit.tantemalkah.at\/index.php\/wp-json\/wp\/v2\/comments?post=180"}],"version-history":[{"count":16,"href":"https:\/\/digmit.tantemalkah.at\/index.php\/wp-json\/wp\/v2\/pages\/180\/revisions"}],"predecessor-version":[{"id":2782,"href":"https:\/\/digmit.tantemalkah.at\/index.php\/wp-json\/wp\/v2\/pages\/180\/revisions\/2782"}],"up":[{"embeddable":true,"href":"https:\/\/digmit.tantemalkah.at\/index.php\/wp-json\/wp\/v2\/pages\/31"}],"wp:attachment":[{"href":"https:\/\/digmit.tantemalkah.at\/index.php\/wp-json\/wp\/v2\/media?parent=180"}],"curies":[{"name":"wp","href":"https:\/\/api.w.org\/{rel}","templated":true}]}}