{"id":1704,"date":"2022-06-07T05:26:04","date_gmt":"2022-06-07T05:26:04","guid":{"rendered":"https:\/\/digmit.at\/?page_id=1704"},"modified":"2023-04-12T23:20:29","modified_gmt":"2023-04-12T23:20:29","slug":"deutschkurse-fur-frauen-mit-kinderbetreuung","status":"publish","type":"page","link":"https:\/\/digmit.tantemalkah.at\/index.php\/startseite\/ausbildung-weiterbildung\/ich-suche-einen-deutschkurs\/ich-suche-einen-deutschkurs-und-war-mehr-als-8-oder-9-jahre-in-der-schule\/deutschkurse-fur-frauen-mit-kinderbetreuung\/","title":{"rendered":"Deutschkurse f\u00fcr Frauen* (mit Kinderbetreuung)"},"content":{"rendered":"\n<p>Hier finde ich Deutschkurse f\u00fcr Frauen* (mit Kinderbetreuung): <\/p>\n\n\n\n<p>In Deutschkursen f\u00fcr Frauen* wird w\u00e4hrend der Kurszeiten meistens auch <strong>kostenlose Kinderbetreuung<\/strong> angeboten.<\/p>\n\n\n\n<ul class=\"wp-block-list\">\n<li><a href=\"https:\/\/lefoe.at\/\">LEF\u00d6 \u2013 Beratung, Bildung und Begleitung f\u00fcr Migrantinnen*<\/a>: momentan (2023) keine \u201enormalen\u201c Deutschkurse, nur Basisbildungskurse<\/li>\n<\/ul>\n\n\n\n<ul class=\"wp-block-list\">\n<li><a href=\"https:\/\/www.peregrina.at\/deutsch-zum-mitmischen\">Peregrina<\/a>: <a href=\"https:\/\/www.peregrina.at\/deutsch-zum-mitmischen\">Deutschkurse<\/a><\/li>\n<\/ul>\n\n\n\n<ul class=\"wp-block-list\">\n<li><a href=\"https:\/\/www.frauenintegration.at\/deutschkurse\">Vereinigung f\u00fcr Frauenintegration, Amerlinghaus<\/a><\/li>\n<\/ul>\n\n\n\n<ul class=\"wp-block-list\">\n<li><a href=\"https:\/\/piramidops.com\/\">Verein Piramidops \u201eFrauentreff\u201c<\/a>: <a href=\"https:\/\/piramidops.com\/amif-sprachkurse\/\">Sprachkurse f\u00fcr Frauen aus Drittstaaten<\/a><\/li>\n<\/ul>\n","protected":false},"excerpt":{"rendered":"<p>Hier finde ich Deutschkurse f\u00fcr Frauen* (mit Kinderbetreuung): In Deutschkursen f\u00fcr Frauen* wird w\u00e4hrend der Kurszeiten meistens auch kostenlose Kinderbetreuung angeboten.<\/p>\n","protected":false},"author":2,"featured_media":0,"parent":1698,"menu_order":0,"comment_status":"closed","ping_status":"closed","template":"","meta":{"footnotes":""},"class_list":["post-1704","page","type-page","status-publish","hentry"],"_links":{"self":[{"href":"https:\/\/digmit.tantemalkah.at\/index.php\/wp-json\/wp\/v2\/pages\/1704","targetHints":{"allow":["GET"]}}],"collection":[{"href":"https:\/\/digmit.tantemalkah.at\/index.php\/wp-json\/wp\/v2\/pages"}],"about":[{"href":"https:\/\/digmit.tantemalkah.at\/index.php\/wp-json\/wp\/v2\/types\/page"}],"author":[{"embeddable":true,"href":"https:\/\/digmit.tantemalkah.at\/index.php\/wp-json\/wp\/v2\/users\/2"}],"replies":[{"embeddable":true,"href":"https:\/\/digmit.tantemalkah.at\/index.php\/wp-json\/wp\/v2\/comments?post=1704"}],"version-history":[{"count":3,"href":"https:\/\/digmit.tantemalkah.at\/index.php\/wp-json\/wp\/v2\/pages\/1704\/revisions"}],"predecessor-version":[{"id":2586,"href":"https:\/\/digmit.tantemalkah.at\/index.php\/wp-json\/wp\/v2\/pages\/1704\/revisions\/2586"}],"up":[{"embeddable":true,"href":"https:\/\/digmit.tantemalkah.at\/index.php\/wp-json\/wp\/v2\/pages\/1698"}],"wp:attachment":[{"href":"https:\/\/digmit.tantemalkah.at\/index.php\/wp-json\/wp\/v2\/media?parent=1704"}],"curies":[{"name":"wp","href":"https:\/\/api.w.org\/{rel}","templated":true}]}}