{"id":159,"date":"2020-10-29T00:47:34","date_gmt":"2020-10-29T00:47:34","guid":{"rendered":"https:\/\/digmit.tantemalkah.at\/?page_id=159"},"modified":"2023-08-17T22:17:48","modified_gmt":"2023-08-17T22:17:48","slug":"ich-bin-krank-und-in-ausbildung-ich-bin-studentin","status":"publish","type":"page","link":"https:\/\/digmit.tantemalkah.at\/index.php\/startseite\/gesundheit\/ich-bin-krank\/ich-bin-krank-und-bin-in-ausbildung\/ich-bin-krank-und-in-ausbildung-ich-bin-studentin\/","title":{"rendered":"Ich bin krank und in Ausbildung. Ich bin Student*in."},"content":{"rendered":"\n<p>Wenn ich studiere und krank werde, kann ich mich <strong>von Pr\u00fcfungen abmelden<\/strong>. Wenn m\u00f6glich, sollte ich vor der Pr\u00fcfung die\/den Lehrende*n oder das StudienServiceCenter informieren. Ich brauche eine Best\u00e4tigung eines\/r \u00c4rzt*in.<br><br>Wenn ich l\u00e4nger krank bin, kann ich mich <strong>beurlauben<\/strong> lassen.<br>Wenn ich zum Beispiel durch einen Unfall oder eine schwere Erkrankung eine Zeit lang nicht am Studium teilnehmen kann, dann kann ich einen Antrag auf Beurlaubung vom Studium stellen. Dieser Antrag wird normalerweise akzeptiert. Ich kann also eine Pause in meinem Studium machen, und die Zulassung zum Studium ist weiterhin g\u00fcltig.<br>M\u00f6glicherweise gibt es f\u00fcr mich noch andere Hilfestellungen und finanzielle Erleichterungen.<br><\/p>\n\n\n\n<div class=\"wp-block-group\"><div class=\"wp-block-group__inner-container is-layout-constrained wp-block-group-is-layout-constrained\">\n<h2 class=\"wp-block-heading\">weitere Informationen<\/h2>\n\n\n\n<ul class=\"wp-block-list\">\n<li><a href=\"https:\/\/medienportal.univie.ac.at\/uniview\/studium-lehre\/detailansicht\/artikel\/pruefungen-welche-rechte-haben-studierende\/#:~:text=Grunds\u00e4tzlich%20k\u00f6nnen%20sich%20Studierende%20von,nachreichen.\">Pr\u00fcfungen: Welche Rechte haben Studierende? (Uni Wien)<\/a><\/li>\n\n\n\n<li><a href=\"https:\/\/www.oeh.univie.ac.at\/beratung\/faqs\/beurlaubung\">Beurlaubung (\u00d6H Uni Wien)<\/a><\/li>\n\n\n\n<li><a href=\"https:\/\/www.studieren.at\/studieren-mit-behinderung\/#regelungen\">Studieren mit Behinderung (Studieren.at)<\/a><\/li>\n<\/ul>\n<\/div><\/div>\n","protected":false},"excerpt":{"rendered":"<p>Wenn ich studiere und krank werde, kann ich mich von Pr\u00fcfungen abmelden. Wenn m\u00f6glich, sollte ich vor der Pr\u00fcfung die\/den Lehrende*n oder das StudienServiceCenter informieren. Ich brauche eine Best\u00e4tigung eines\/r \u00c4rzt*in. Wenn ich l\u00e4nger krank bin, kann ich mich beurlauben lassen.Wenn ich zum Beispiel durch einen Unfall oder eine schwere Erkrankung eine Zeit lang nicht [&hellip;]<\/p>\n","protected":false},"author":2,"featured_media":0,"parent":122,"menu_order":0,"comment_status":"closed","ping_status":"closed","template":"","meta":{"footnotes":""},"class_list":["post-159","page","type-page","status-publish","hentry"],"_links":{"self":[{"href":"https:\/\/digmit.tantemalkah.at\/index.php\/wp-json\/wp\/v2\/pages\/159","targetHints":{"allow":["GET"]}}],"collection":[{"href":"https:\/\/digmit.tantemalkah.at\/index.php\/wp-json\/wp\/v2\/pages"}],"about":[{"href":"https:\/\/digmit.tantemalkah.at\/index.php\/wp-json\/wp\/v2\/types\/page"}],"author":[{"embeddable":true,"href":"https:\/\/digmit.tantemalkah.at\/index.php\/wp-json\/wp\/v2\/users\/2"}],"replies":[{"embeddable":true,"href":"https:\/\/digmit.tantemalkah.at\/index.php\/wp-json\/wp\/v2\/comments?post=159"}],"version-history":[{"count":7,"href":"https:\/\/digmit.tantemalkah.at\/index.php\/wp-json\/wp\/v2\/pages\/159\/revisions"}],"predecessor-version":[{"id":2674,"href":"https:\/\/digmit.tantemalkah.at\/index.php\/wp-json\/wp\/v2\/pages\/159\/revisions\/2674"}],"up":[{"embeddable":true,"href":"https:\/\/digmit.tantemalkah.at\/index.php\/wp-json\/wp\/v2\/pages\/122"}],"wp:attachment":[{"href":"https:\/\/digmit.tantemalkah.at\/index.php\/wp-json\/wp\/v2\/media?parent=159"}],"curies":[{"name":"wp","href":"https:\/\/api.w.org\/{rel}","templated":true}]}}