{"id":1576,"date":"2022-03-28T13:16:26","date_gmt":"2022-03-28T13:16:26","guid":{"rendered":"https:\/\/digmit.at\/?page_id=1576"},"modified":"2022-08-19T14:47:47","modified_gmt":"2022-08-19T14:47:47","slug":"men-via-unterstutzt-betroffene-von-menschenhandel-in-ganz-osterreich-schau-nicht-weg-schau-hin","status":"publish","type":"page","link":"https:\/\/digmit.tantemalkah.at\/index.php\/deutsch-alpha\/thema-3-men-via\/men-via-unterstutzt-betroffene-von-menschenhandel-in-ganz-osterreich-schau-nicht-weg-schau-hin\/","title":{"rendered":"MEN VIA unterst\u00fctzt Betroffene von Menschenhandel in ganz \u00d6sterreich. Schau nicht weg, schau hin!"},"content":{"rendered":"\n<p>MEN VIA \u2013 Unterst\u00fctzung f\u00fcr M\u00e4nner, die von Menschenhandel betroffen sind<br><a href=\"http:\/\/www.men-center.at\/arbeitsbereiche\/men-via\/\">www.men-center.at\/arbeitsbereiche\/men-via\/<\/a><\/p>\n\n\n\n<p>Video in verschiedenen Sprachen:<\/p>\n\n\n\n<figure class=\"wp-block-video\"><video height=\"1080\" style=\"aspect-ratio: 1920 \/ 1080;\" width=\"1920\" controls src=\"https:\/\/digmit.tantemalkah.at\/wp-content\/uploads\/2022\/03\/MEN_VIA_2021_BG_subtitles.m4v\"><\/video><figcaption>\u041cEN VIA \u043f\u043e\u0434\u043a\u0440\u0435\u043f\u044f \u043c\u044a\u0436\u0435 \u0436\u0435\u0440\u0442\u0432\u0438 \u043d\u0430 \u0442\u0440\u0430\u0444\u0438\u043a \u043d\u0430 \u0445\u043e\u0440\u0430 \u0438 \u0440\u0430\u0431\u043e\u0442\u043d\u0430 \u0435\u043a\u0441\u043f\u043b\u043e\u0430\u0442\u0430\u0446\u0438\u044f \u0432 \u0446\u044f\u043b\u0430 \u0410\u0432\u0441\u0442\u0440\u0438\u044f. \u041d\u0435 \u043e\u0442\u0432\u0440\u044a\u0449\u0430\u0439 \u043f\u043e\u0433\u043b\u0435\u0434 \u2013 \u043f\u043e\u0433\u043b\u0435\u0434\u043d\u0438 \u043f\u0440\u043e\u0431\u043b\u0435\u043c\u0430 \u0434\u0438\u0440\u0435\u043a\u0442\u043d\u043e!<\/figcaption><\/figure>\n\n\n\n<figure class=\"wp-block-video\"><video height=\"1080\" style=\"aspect-ratio: 1920 \/ 1080;\" width=\"1920\" controls src=\"https:\/\/digmit.tantemalkah.at\/wp-content\/uploads\/2022\/03\/MEN_VIA_2021_RO_subtitles.m4v\"><\/video><figcaption>Nu \u00eentoarce privirea, deschide ochii!<br>MEN VIA sprijine\u0219te b\u0103rba\u021bii afecta\u021bi de traficul de persoane \u0219i de exploatarea prin munc\u0103 de pe teritoriul Austriei.<\/figcaption><\/figure>\n\n\n\n<figure class=\"wp-block-video\"><video height=\"1080\" style=\"aspect-ratio: 1920 \/ 1080;\" width=\"1920\" controls src=\"https:\/\/digmit.tantemalkah.at\/wp-content\/uploads\/2022\/03\/MEN_VIA_2021_EN_subtitles.m4v\"><\/video><figcaption>Men can be victims of human trafficking, too. Don\u2019t look away \u2013 face the problem! MEN VIA helps male victims. Contact us!<\/figcaption><\/figure>\n\n\n\n<div class=\"wp-block-file\"><a id=\"wp-block-file--media-117b7f93-614a-4445-b7b1-b956db0f099a\" href=\"https:\/\/digmit.tantemalkah.at\/wp-content\/uploads\/2022\/08\/Text_MEN-VIA_English_Revised.docx\">Text\/Transkript_MEN VIA_English<\/a><a href=\"https:\/\/digmit.tantemalkah.at\/wp-content\/uploads\/2022\/08\/Text_MEN-VIA_English_Revised.docx\" class=\"wp-block-file__button\" download aria-describedby=\"wp-block-file--media-117b7f93-614a-4445-b7b1-b956db0f099a\">Download<\/a><\/div>\n","protected":false},"excerpt":{"rendered":"<p>MEN VIA \u2013 Unterst\u00fctzung f\u00fcr M\u00e4nner, die von Menschenhandel betroffen sindwww.men-center.at\/arbeitsbereiche\/men-via\/ Video in verschiedenen Sprachen:<\/p>\n","protected":false},"author":2,"featured_media":0,"parent":1571,"menu_order":0,"comment_status":"closed","ping_status":"closed","template":"","meta":{"footnotes":""},"class_list":["post-1576","page","type-page","status-publish","hentry"],"_links":{"self":[{"href":"https:\/\/digmit.tantemalkah.at\/index.php\/wp-json\/wp\/v2\/pages\/1576","targetHints":{"allow":["GET"]}}],"collection":[{"href":"https:\/\/digmit.tantemalkah.at\/index.php\/wp-json\/wp\/v2\/pages"}],"about":[{"href":"https:\/\/digmit.tantemalkah.at\/index.php\/wp-json\/wp\/v2\/types\/page"}],"author":[{"embeddable":true,"href":"https:\/\/digmit.tantemalkah.at\/index.php\/wp-json\/wp\/v2\/users\/2"}],"replies":[{"embeddable":true,"href":"https:\/\/digmit.tantemalkah.at\/index.php\/wp-json\/wp\/v2\/comments?post=1576"}],"version-history":[{"count":3,"href":"https:\/\/digmit.tantemalkah.at\/index.php\/wp-json\/wp\/v2\/pages\/1576\/revisions"}],"predecessor-version":[{"id":1768,"href":"https:\/\/digmit.tantemalkah.at\/index.php\/wp-json\/wp\/v2\/pages\/1576\/revisions\/1768"}],"up":[{"embeddable":true,"href":"https:\/\/digmit.tantemalkah.at\/index.php\/wp-json\/wp\/v2\/pages\/1571"}],"wp:attachment":[{"href":"https:\/\/digmit.tantemalkah.at\/index.php\/wp-json\/wp\/v2\/media?parent=1576"}],"curies":[{"name":"wp","href":"https:\/\/api.w.org\/{rel}","templated":true}]}}