{"id":1448,"date":"2022-03-01T16:44:16","date_gmt":"2022-03-01T16:44:16","guid":{"rendered":"https:\/\/digmit.at\/?page_id=1448"},"modified":"2022-06-08T10:48:04","modified_gmt":"2022-06-08T10:48:04","slug":"ich-bin-turkische-r-staatsburgerin","status":"publish","type":"page","link":"https:\/\/digmit.tantemalkah.at\/index.php\/startseite\/aufenthaltsrecht\/ich-mochte-in-osterreich-leben-und-oder-arbeiten\/ich-bin-turkische-r-staatsburgerin\/","title":{"rendered":"Ich bin\u00a0t\u00fcrkische\/r Staatsb\u00fcrger*in."},"content":{"rendered":"\n<p>Die EU hat mit der T\u00fcrkei ein eigenes Abkommen = <strong>Assoziationsabkommen EU\/TR<\/strong>. Deshalb gelten f\u00fcr <strong>t\u00fcrkische Assoziationsarbeitnehmer*in<\/strong> andere Voraussetzungen. <\/p>\n\n\n\n<p>Welche Voraussetzungen f\u00fcr mich als t\u00fcrkische Assoziationsarbeitnehmer*in gelten, h\u00e4ngt davon ab, ob ich Familie in \u00d6sterreich habe, ein Arbeitsangebot habe, ich Student*in\/Sch\u00fcler*in bin oder einen Daueraufenthalt in einem anderen EU-Land habe.<\/p>\n\n\n\n<p>Als t\u00fcrkische\/r Assoziationsarbeitnehmer*in kann ich mich hier \u00fcber die Auswirkungen der <strong>Stillhalteklausel<\/strong> (<strong>Assoziationsabkommen EU\/TR<\/strong>) informieren:<br>auf Deutsch: <a href=\"https:\/\/www.migrant.at\/wp-content\/uploads\/asso-deutsch.pdf\">https:\/\/www.migrant.at\/wp-content\/uploads\/asso-deutsch.pdf<\/a><br>auf T\u00fcrkisch: <a href=\"https:\/\/www.migrant.at\/wp-content\/uploads\/asso-tuerkisch.pdf\">https:\/\/www.migrant.at\/wp-content\/uploads\/asso-tuerkisch.pdf<\/a><br>Ich kann auch einen Beratungstermin bei der Migrantinnenorganisation <a href=\"https:\/\/miteinlernen.at\/\"><a href=\"https:\/\/miteinlernen.at\/beratung\/frauenservice-stelle\/\">Miteinander Lernen Birlikte \u00d6\u011frenelim<\/a><\/a> vereinbaren.<\/p>\n","protected":false},"excerpt":{"rendered":"<p>Die EU hat mit der T\u00fcrkei ein eigenes Abkommen = Assoziationsabkommen EU\/TR. Deshalb gelten f\u00fcr t\u00fcrkische Assoziationsarbeitnehmer*in andere Voraussetzungen. Welche Voraussetzungen f\u00fcr mich als t\u00fcrkische Assoziationsarbeitnehmer*in gelten, h\u00e4ngt davon ab, ob ich Familie in \u00d6sterreich habe, ein Arbeitsangebot habe, ich Student*in\/Sch\u00fcler*in bin oder einen Daueraufenthalt in einem anderen EU-Land habe. Als t\u00fcrkische\/r Assoziationsarbeitnehmer*in kann ich [&hellip;]<\/p>\n","protected":false},"author":2,"featured_media":0,"parent":1318,"menu_order":0,"comment_status":"closed","ping_status":"closed","template":"","meta":{"footnotes":""},"class_list":["post-1448","page","type-page","status-publish","hentry"],"_links":{"self":[{"href":"https:\/\/digmit.tantemalkah.at\/index.php\/wp-json\/wp\/v2\/pages\/1448","targetHints":{"allow":["GET"]}}],"collection":[{"href":"https:\/\/digmit.tantemalkah.at\/index.php\/wp-json\/wp\/v2\/pages"}],"about":[{"href":"https:\/\/digmit.tantemalkah.at\/index.php\/wp-json\/wp\/v2\/types\/page"}],"author":[{"embeddable":true,"href":"https:\/\/digmit.tantemalkah.at\/index.php\/wp-json\/wp\/v2\/users\/2"}],"replies":[{"embeddable":true,"href":"https:\/\/digmit.tantemalkah.at\/index.php\/wp-json\/wp\/v2\/comments?post=1448"}],"version-history":[{"count":3,"href":"https:\/\/digmit.tantemalkah.at\/index.php\/wp-json\/wp\/v2\/pages\/1448\/revisions"}],"predecessor-version":[{"id":1715,"href":"https:\/\/digmit.tantemalkah.at\/index.php\/wp-json\/wp\/v2\/pages\/1448\/revisions\/1715"}],"up":[{"embeddable":true,"href":"https:\/\/digmit.tantemalkah.at\/index.php\/wp-json\/wp\/v2\/pages\/1318"}],"wp:attachment":[{"href":"https:\/\/digmit.tantemalkah.at\/index.php\/wp-json\/wp\/v2\/media?parent=1448"}],"curies":[{"name":"wp","href":"https:\/\/api.w.org\/{rel}","templated":true}]}}