{"id":1430,"date":"2022-03-01T16:07:48","date_gmt":"2022-03-01T16:07:48","guid":{"rendered":"https:\/\/digmit.at\/?page_id=1430"},"modified":"2022-03-04T22:29:19","modified_gmt":"2022-03-04T22:29:19","slug":"ich-bin-drittstaatsangehoriger-und-betroffener-von-gewalt-menschenhandel-frauenhandel","status":"publish","type":"page","link":"https:\/\/digmit.tantemalkah.at\/index.php\/startseite\/aufenthaltsrecht\/ich-mochte-in-osterreich-leben-und-oder-arbeiten\/ich-bin-drittstaatsangehoriger-und\/ich-bin-drittstaatsangehoriger-und-betroffener-von-gewalt-menschenhandel-frauenhandel\/","title":{"rendered":"Ich bin Drittstaatsangeh\u00f6rige*r und Betroffene*r von Gewalt \/ Menschenhandel \/ Frauen*handel."},"content":{"rendered":"\n<p>Eine \u201e<strong>Aufenthaltsberechtigung Plus<\/strong>\u201c kann ich nur aus <strong>besonderen Gr\u00fcnden<\/strong> bekommen, zum Beispiel als <strong>Betroffene von Frauen*handel<\/strong>.<\/p>\n\n\n\n<p>Dazu brauche ich: <\/p>\n\n\n\n<ul class=\"wp-block-list\"><li><strong>finanzielle Mittel<\/strong> (zum Beispiel regelm\u00e4\u00dfiges Einkommen)<\/li><li><strong>Deutsch<\/strong>kenntnisse auf <strong>A1<\/strong>&#8211; oder sp\u00e4ter <strong>A2<\/strong>-Niveau (<strong>Modul 1 Integrationsvereinbarung<\/strong>).<\/li><\/ul>\n\n\n\n<p>Mit einer \u201eAufenthaltsberechtigung plus\u201c <strong>darf<\/strong> ich in \u00d6sterreich <strong>arbeiten<\/strong>.<\/p>\n\n\n\n<p><br><br>Als Betroffene von Frauenhandel kann ich eine <strong>Aufenthaltsberechtigung<\/strong> beantragen.<\/p>\n\n\n\n<p>Mit einer Aufenthaltsberechtigung darf ich mit einer <strong>Besch\u00e4ftigungsbewilligung vom AMS<\/strong> arbeiten.<\/p>\n\n\n\n<p><br><br><strong>Nach einem Jahr<\/strong> auf kann ich die <strong>Rot Wei\u00df Rot Karte plus beantragen<\/strong>. <\/p>\n\n\n\n<p>Dazu brauche ich:<\/p>\n\n\n\n<ul class=\"wp-block-list\"><li>eine <strong>Unterkunft<\/strong> (zum Beispiel einen Mietvertrag),<\/li><li>ausreichende <strong>finanzielle Mittel<\/strong> (zum Beispiel regelm\u00e4\u00dfiges Einkommen), <\/li><li>eine <strong>Krankenversicherung<\/strong>, <\/li><li><strong>keine Erteilungshindernisse<\/strong> (zum Beispiel: Aufenthaltsverbot), <\/li><li><strong>Deutsch<\/strong>kenntnisse auf <strong>A1<\/strong>&#8211; oder sp\u00e4ter <strong>A2<\/strong>-Niveau (<strong>Modul 1 Integrationsvereinbarung<\/strong>).<\/li><li>Das Mindestalter f\u00fcr <strong>Ehepaare<\/strong>\/<strong>eingetragene Partner*innen<\/strong> ist <strong>21 Jahre<\/strong>.<\/li><\/ul>\n\n\n\n<p>Mit einer Rot Wei\u00df Rot Karte plus <strong>darf<\/strong> ich in \u00d6sterreich <strong>arbeiten<\/strong>.<\/p>\n","protected":false},"excerpt":{"rendered":"<p>Eine \u201eAufenthaltsberechtigung Plus\u201c kann ich nur aus besonderen Gr\u00fcnden bekommen, zum Beispiel als Betroffene von Frauen*handel. Dazu brauche ich: finanzielle Mittel (zum Beispiel regelm\u00e4\u00dfiges Einkommen) Deutschkenntnisse auf A1&#8211; oder sp\u00e4ter A2-Niveau (Modul 1 Integrationsvereinbarung). Mit einer \u201eAufenthaltsberechtigung plus\u201c darf ich in \u00d6sterreich arbeiten. Als Betroffene von Frauenhandel kann ich eine Aufenthaltsberechtigung beantragen. Mit einer Aufenthaltsberechtigung [&hellip;]<\/p>\n","protected":false},"author":2,"featured_media":0,"parent":1323,"menu_order":0,"comment_status":"closed","ping_status":"closed","template":"","meta":{"footnotes":""},"class_list":["post-1430","page","type-page","status-publish","hentry"],"_links":{"self":[{"href":"https:\/\/digmit.tantemalkah.at\/index.php\/wp-json\/wp\/v2\/pages\/1430","targetHints":{"allow":["GET"]}}],"collection":[{"href":"https:\/\/digmit.tantemalkah.at\/index.php\/wp-json\/wp\/v2\/pages"}],"about":[{"href":"https:\/\/digmit.tantemalkah.at\/index.php\/wp-json\/wp\/v2\/types\/page"}],"author":[{"embeddable":true,"href":"https:\/\/digmit.tantemalkah.at\/index.php\/wp-json\/wp\/v2\/users\/2"}],"replies":[{"embeddable":true,"href":"https:\/\/digmit.tantemalkah.at\/index.php\/wp-json\/wp\/v2\/comments?post=1430"}],"version-history":[{"count":4,"href":"https:\/\/digmit.tantemalkah.at\/index.php\/wp-json\/wp\/v2\/pages\/1430\/revisions"}],"predecessor-version":[{"id":1489,"href":"https:\/\/digmit.tantemalkah.at\/index.php\/wp-json\/wp\/v2\/pages\/1430\/revisions\/1489"}],"up":[{"embeddable":true,"href":"https:\/\/digmit.tantemalkah.at\/index.php\/wp-json\/wp\/v2\/pages\/1323"}],"wp:attachment":[{"href":"https:\/\/digmit.tantemalkah.at\/index.php\/wp-json\/wp\/v2\/media?parent=1430"}],"curies":[{"name":"wp","href":"https:\/\/api.w.org\/{rel}","templated":true}]}}