{"id":1105,"date":"2021-02-07T12:35:50","date_gmt":"2021-02-07T12:35:50","guid":{"rendered":"https:\/\/digmit.at\/?page_id=1105"},"modified":"2021-02-07T12:39:09","modified_gmt":"2021-02-07T12:39:09","slug":"bei-beruflichem-aufstieg-beforderungen-ist-diskriminierung-verboten","status":"publish","type":"page","link":"https:\/\/digmit.tantemalkah.at\/index.php\/startseite\/diskriminierung\/bei-beruflichem-aufstieg-beforderungen-ist-diskriminierung-verboten\/","title":{"rendered":"Bei beruflichem Aufstieg \/ Bef\u00f6rderungen ist Diskriminierung verboten!"},"content":{"rendered":"\n<p><strong>Ich darf nicht<\/strong> aufgrund <\/p>\n\n\n\n<ul class=\"wp-block-list\"><li>meiner ethnischen Zugeh\u00f6rigkeit \/ Herkunft \/ Hautfarbe, <\/li><li>meines Geschlechts \/ meines Familienstandes \/ Kindern, <\/li><li>meiner sexuellen Orientierung, <\/li><li>meines Alters, <\/li><li>einer Behinderung, <\/li><li>meiner Religion oder Weltanschauung<\/li><\/ul>\n\n\n\n<p><strong>bei beruflichem Aufstieg<\/strong> oder <strong>bei Bef\u00f6rderungen diskriminiert werden<\/strong>.<\/p>\n\n\n\n<p>Wenn ich eine <strong>Bef\u00f6rderung nicht bekomme<\/strong> zum Beispiel aufgrund meiner sexuellen Orientierung oder weil ich einer ethnischen Minderheit angeh\u00f6re, dann ist das Diskriminierung.<br><br><\/p>\n\n\n\n<p>Ich habe Anspruch auf <strong>Schadenersatz<\/strong>.<br>Wenn ich die Bef\u00f6rderung <\/p>\n\n\n\n<p>bekommen h\u00e4tte, habe ich Anspruch auf mindestens 3 Monate Ent\u00adgelt\u00addifferenz und immateriellen Schadenersatz. \u201eEntgeltdifferenz\u201c ist der Unterschied zwischen dem Entgelt, das ich verdient habe, und dem Ent\u00adgelt, das ich nach einer Bef\u00f6rderung verdient h\u00e4tte.<br>Wenn ich den Job nicht bekommen h\u00e4tte, aber diskriminiert wurde, habe ich Anspruch auf maximal 500 \u20ac Schadenersatz. <\/p>\n\n\n\n<p>Ich habe <strong>6 Monate <\/strong>nach Ab\u00adlehn\u00adung der Bef\u00f6rderung<strong> Zeit<\/strong>, beim <strong><a href=\"https:\/\/www.justiz.gv.at\/asg-wien\/arbeits--und-sozialgericht-wien~274.de.html\">Arbeits- und Sozialgericht<\/a><\/strong> zu klagen oder meinen Fall kostenlos bei der <strong><a href=\"https:\/\/www.bundeskanzleramt.gv.at\/agenda\/frauen-und-gleichstellung\/gleichbehandlungskommissionen\/gleichbehandlungskommission.html\">Gleichbehandlungskommission<\/a><\/strong> vorzutragen. Ich kann mich zuerst an die Gleichbehandlungskommission und dann an das Gericht wenden oder an beide gleichzeitig.<br>Die <strong><a href=\"https:\/\/wien.arbeiterkammer.at\/index.html\">Arbeiterkammer<\/a><\/strong> <strong>ber\u00e4t mich<\/strong>, bevor ich das Gericht und\/oder die Gleichbehandlungskommission einschalte. Ich kann mich bei der Arbeiterkammer <a href=\"tel: +43 1 501 65 0\" data-type=\"tel\" data-id=\"tel: +43 1 501 65 0\">telefonisch<\/a> informieren und\/oder einen kostenlosen Beratungstermin vereinbaren.<br>F\u00fcr <strong>Verfahren<\/strong> beim Arbeits- und Sozialgericht kann ich einen <strong>Antrag auf Rechtsschutz<\/strong> bei der Arbeiterkammer oder der Gewerkschaft stellen und so kostenlos vor Gericht vertreten werden.<\/p>\n","protected":false},"excerpt":{"rendered":"<p>Ich darf nicht aufgrund meiner ethnischen Zugeh\u00f6rigkeit \/ Herkunft \/ Hautfarbe, meines Geschlechts \/ meines Familienstandes \/ Kindern, meiner sexuellen Orientierung, meines Alters, einer Behinderung, meiner Religion oder Weltanschauung bei beruflichem Aufstieg oder bei Bef\u00f6rderungen diskriminiert werden. Wenn ich eine Bef\u00f6rderung nicht bekomme zum Beispiel aufgrund meiner sexuellen Orientierung oder weil ich einer ethnischen Minderheit [&hellip;]<\/p>\n","protected":false},"author":2,"featured_media":0,"parent":688,"menu_order":0,"comment_status":"closed","ping_status":"closed","template":"","meta":{"footnotes":""},"class_list":["post-1105","page","type-page","status-publish","hentry"],"_links":{"self":[{"href":"https:\/\/digmit.tantemalkah.at\/index.php\/wp-json\/wp\/v2\/pages\/1105","targetHints":{"allow":["GET"]}}],"collection":[{"href":"https:\/\/digmit.tantemalkah.at\/index.php\/wp-json\/wp\/v2\/pages"}],"about":[{"href":"https:\/\/digmit.tantemalkah.at\/index.php\/wp-json\/wp\/v2\/types\/page"}],"author":[{"embeddable":true,"href":"https:\/\/digmit.tantemalkah.at\/index.php\/wp-json\/wp\/v2\/users\/2"}],"replies":[{"embeddable":true,"href":"https:\/\/digmit.tantemalkah.at\/index.php\/wp-json\/wp\/v2\/comments?post=1105"}],"version-history":[{"count":3,"href":"https:\/\/digmit.tantemalkah.at\/index.php\/wp-json\/wp\/v2\/pages\/1105\/revisions"}],"predecessor-version":[{"id":1111,"href":"https:\/\/digmit.tantemalkah.at\/index.php\/wp-json\/wp\/v2\/pages\/1105\/revisions\/1111"}],"up":[{"embeddable":true,"href":"https:\/\/digmit.tantemalkah.at\/index.php\/wp-json\/wp\/v2\/pages\/688"}],"wp:attachment":[{"href":"https:\/\/digmit.tantemalkah.at\/index.php\/wp-json\/wp\/v2\/media?parent=1105"}],"curies":[{"name":"wp","href":"https:\/\/api.w.org\/{rel}","templated":true}]}}