{"id":1082,"date":"2021-02-07T11:50:33","date_gmt":"2021-02-07T11:50:33","guid":{"rendered":"https:\/\/digmit.at\/?page_id=1082"},"modified":"2022-12-16T10:08:48","modified_gmt":"2022-12-16T10:08:48","slug":"beim-vorstellungsgesprach-bewerbungsgesprach-ist-diskriminierung-verboten","status":"publish","type":"page","link":"https:\/\/digmit.tantemalkah.at\/index.php\/startseite\/diskriminierung\/beim-vorstellungsgesprach-bewerbungsgesprach-ist-diskriminierung-verboten\/","title":{"rendered":"Beim Vorstellungsgespr\u00e4ch \/ Bewerbungsgespr\u00e4ch ist Diskriminierung verboten!"},"content":{"rendered":"\n<p><strong>Manche Fragen sind beim Vorstellungsgespr\u00e4ch verboten<\/strong>:<\/p>\n\n\n\n<ul class=\"wp-block-list\">\n<li>Sind Sie <strong>schwanger<\/strong>?<br>Fragen nach einer Schwangerschaft sind verboten. Wenn ich gefragt werde, ob ich schwanger bin oder eine Schwangerschaft plane, muss ich das nicht beantworten; ich kann auch l\u00fcgen. <\/li>\n<\/ul>\n\n\n\n<ul class=\"wp-block-list\">\n<li>M\u00f6chten Sie<strong> Kinder<\/strong>?<br>Auch Fragen nach einem Kinderwunsch sind verboten. Wenn ich gefragt werde, ob ich plane, ein Kind zu bekommen, muss ich das nicht beantworten; ich kann auch l\u00fcgen.<\/li>\n<\/ul>\n\n\n\n<ul class=\"wp-block-list\">\n<li>Sind Sie <strong>verheiratet<\/strong> \/ <strong>geschieden<\/strong> \/ <strong>single<\/strong>? Leben Sie in einer <strong>Partnerschaft<\/strong>?<br>Ich muss auch keine Fragen zu meinem Familien- oder Beziehungsstand beantworten.<\/li>\n<\/ul>\n\n\n\n<ul class=\"wp-block-list\">\n<li>Sind Sie <strong>schwul<\/strong> \/ <strong>lesbisch<\/strong> \/ <strong>bi-sexuell<\/strong>?<br>Auch Fragen zu meiner sexuellen Orientierung sind verboten.<\/li>\n<\/ul>\n\n\n\n<ul class=\"wp-block-list\">\n<li>Sind Sie <strong>gl\u00e4ubig<\/strong> \/ <strong>religi\u00f6s<\/strong>? Welche <strong>Religion<\/strong> haben Sie? Sind Sie Muslim*in?\u2026<br>Ob ich Muslim*in, J\u00fcd*in oder Atheist*in bin, geht meine*n Arbeitgeber*in nichts an. Fragen zur Religion und Weltanschauung sind verboten.<\/li>\n<\/ul>\n\n\n\n<ul class=\"wp-block-list\">\n<li>Welche <strong>politische Einstellung<\/strong> haben Sie? Sind Sie Mitglied bei einer <strong>Partei<\/strong> \/ einem <strong>Verein<\/strong> \/ einer <strong>Gewerkschaft<\/strong>?\u2026<br>Beim Vorstellungsgespr\u00e4ch darf ich nicht gefragt werden, welche politische Einstellung ich habe, oder bei welchen Vereinen ich aktiv bin.<\/li>\n<\/ul>\n\n\n\n<ul class=\"wp-block-list\">\n<li>Haben Sie irgendwelche <strong>Krankheiten<\/strong>?<br>Mein*e Arbeitgeber*in darf mich nur nach Krankheiten fragen, wenn diese eine Gefahr f\u00fcr meine Kolleg*innen oder Kund*innen darstellen (zum Beispiel eine offene TBC). Wenn ich eine Krankheit habe, die f\u00fcr meine Arbeit nicht wichtig ist und f\u00fcr andere nicht gef\u00e4hrlich ist, muss ich das nicht angeben.<\/li>\n<\/ul>\n\n\n\n<ul class=\"wp-block-list\">\n<li>Haben Sie <strong>Vorstrafen<\/strong>?<br>Die Frage, ob ich vorbestraft bin, muss ich nur beantworten, wenn es f\u00fcr die Arbeit wichtig ist (zum Beispiel, wenn ich wegen Betrugs oder Untreue verurteilt bin und mich als Bankangestellte bewerbe).<\/li>\n<\/ul>\n\n\n\n<ul class=\"wp-block-list\">\n<li>Haben Sie Schulden? Wie viel haben Sie bisher verdient? M\u00fcssen Sie Alimente zahlen?<br>Ich muss auch keine Fragen zu meinem <strong>Verm\u00f6gen<\/strong> oder meinen <strong>Finanzen<\/strong> beantworten.<\/li>\n<\/ul>\n\n\n\n<p><strong>Fragen<\/strong>, die mich aufgrund meiner <strong>Herkunft<\/strong> \/ <strong>ethnische<\/strong>n <strong>Zugeh\u00f6rigkeit<\/strong>, meines<strong> Geschlecht<\/strong>s, meiner<strong> sexuelle<\/strong>n <strong>Orientierung<\/strong>, meines<strong> Alter<\/strong>s, einer <strong>Behinderung<\/strong>, meiner <strong>Religion<\/strong> oder <strong>Weltanschauung<\/strong> diskriminieren, sind <strong>verboten<\/strong>.<\/p>\n\n\n\n<p>Auch <strong>andere pers\u00f6nliche \/ intime Fragen muss ich nicht beantworten<\/strong>.<\/p>\n\n\n\n<p>Ich habe ein <strong>Recht auf Privatsph\u00e4re<\/strong>!<\/p>\n","protected":false},"excerpt":{"rendered":"<p>Manche Fragen sind beim Vorstellungsgespr\u00e4ch verboten: Fragen, die mich aufgrund meiner Herkunft \/ ethnischen Zugeh\u00f6rigkeit, meines Geschlechts, meiner sexuellen Orientierung, meines Alters, einer Behinderung, meiner Religion oder Weltanschauung diskriminieren, sind verboten. Auch andere pers\u00f6nliche \/ intime Fragen muss ich nicht beantworten. Ich habe ein Recht auf Privatsph\u00e4re!<\/p>\n","protected":false},"author":2,"featured_media":0,"parent":688,"menu_order":0,"comment_status":"closed","ping_status":"closed","template":"","meta":{"footnotes":""},"class_list":["post-1082","page","type-page","status-publish","hentry"],"_links":{"self":[{"href":"https:\/\/digmit.tantemalkah.at\/index.php\/wp-json\/wp\/v2\/pages\/1082","targetHints":{"allow":["GET"]}}],"collection":[{"href":"https:\/\/digmit.tantemalkah.at\/index.php\/wp-json\/wp\/v2\/pages"}],"about":[{"href":"https:\/\/digmit.tantemalkah.at\/index.php\/wp-json\/wp\/v2\/types\/page"}],"author":[{"embeddable":true,"href":"https:\/\/digmit.tantemalkah.at\/index.php\/wp-json\/wp\/v2\/users\/2"}],"replies":[{"embeddable":true,"href":"https:\/\/digmit.tantemalkah.at\/index.php\/wp-json\/wp\/v2\/comments?post=1082"}],"version-history":[{"count":7,"href":"https:\/\/digmit.tantemalkah.at\/index.php\/wp-json\/wp\/v2\/pages\/1082\/revisions"}],"predecessor-version":[{"id":2392,"href":"https:\/\/digmit.tantemalkah.at\/index.php\/wp-json\/wp\/v2\/pages\/1082\/revisions\/2392"}],"up":[{"embeddable":true,"href":"https:\/\/digmit.tantemalkah.at\/index.php\/wp-json\/wp\/v2\/pages\/688"}],"wp:attachment":[{"href":"https:\/\/digmit.tantemalkah.at\/index.php\/wp-json\/wp\/v2\/media?parent=1082"}],"curies":[{"name":"wp","href":"https:\/\/api.w.org\/{rel}","templated":true}]}}