{"id":1075,"date":"2021-02-07T11:31:50","date_gmt":"2021-02-07T11:31:50","guid":{"rendered":"https:\/\/digmit.at\/?page_id=1075"},"modified":"2021-09-23T19:11:04","modified_gmt":"2021-09-23T19:11:04","slug":"bei-der-bewerbung-stellenvergabe-ist-diskriminierung-verboten","status":"publish","type":"page","link":"https:\/\/digmit.tantemalkah.at\/index.php\/startseite\/diskriminierung\/bei-der-bewerbung-stellenvergabe-ist-diskriminierung-verboten\/","title":{"rendered":"Bei der Bewerbung &#038; Stellenvergabe ist Diskriminierung verboten!"},"content":{"rendered":"\n<p>Wenn meine <strong>Bewerbung nicht ber\u00fccksichtigt<\/strong> wird, ich <strong>nicht zum Vorstellungsgespr\u00e4ch eingeladen<\/strong> werde oder einen <strong>Job nicht bekomme<\/strong>,<br><strong>weil ich<\/strong> zum Beispiel <strong>kein*e \u00d6sterreicher*in<\/strong> \/ <strong>eine Frau*<\/strong> \/ <strong>eine LGBTIQ-Person<\/strong> \/ <strong>nicht jung<\/strong> \/ <strong>J\u00fcd*in<\/strong> \/ <strong>Atheist*in bin<\/strong> oder wegen meiner <strong>Hautfarbe <\/strong>oder <strong>Behinderung<\/strong>, oder weil ich <strong>nicht \u201eakzentfrei\u201c Deutsch<\/strong> spreche,<br>dann ist das<strong> Diskriminierung<\/strong>.<\/p>\n\n\n\n<p>Wenn ich bei der Bewerbung oder Stellenvergabe diskriminiert werde, habe ich Anspruch auf <strong>Schadenersatz<\/strong>.<br>Wenn ich einen Job nicht bekomme, obwohl ich der\/die am besten qualifizierte Bewerber*in war, bekomme ich mindestens zwei Monatsentgelte Schadenersatz.Wenn ich den Job nicht bekommen h\u00e4tte und diskriminiert wurde, habe ich Anspruch auf maximal 500\u20ac Schadenersatz.<\/p>\n\n\n\n<p>Ich habe <strong>6 Monate <\/strong>nach Ablehnung meiner Bewerbung <strong>Zeit<\/strong>, beim <strong><a href=\"https:\/\/www.justiz.gv.at\/asg-wien\/arbeits--und-sozialgericht-wien~274.de.html\">Arbeits- und Sozialgericht<\/a><\/strong> zu klagen oder meinen Fall kostenlos bei der <strong><a href=\"https:\/\/www.bundeskanzleramt.gv.at\/agenda\/frauen-und-gleichstellung\/gleichbehandlungskommissionen\/gleichbehandlungskommission.html\">Gleichbehandlungskommission<\/a><\/strong> vorzutragen. Ich kann mich zuerst an die Gleichbehandlungskommission und dann an das Gericht wenden oder an beide gleichzeitig.<br>Die <strong><a href=\"https:\/\/wien.arbeiterkammer.at\/index.html\">Arbeiterkammer<\/a><\/strong> <strong>ber\u00e4t mich<\/strong>, bevor ich das Gericht und\/oder die Gleichbehandlungskommission einschalte. Ich kann mich bei der Arbeiterkammer <a href=\"tel: +43 1 501 65 0\" data-type=\"tel\" data-id=\"tel: +43 1 501 65 0\">telefonisch<\/a> informieren und\/oder einen kostenlosen Beratungstermin vereinbaren.<br>F\u00fcr <strong>Verfahren<\/strong> beim Arbeits- und Sozialgericht kann ich einen <strong>Antrag auf Rechtsschutz<\/strong> bei der Arbeiterkammer oder der Gewerkschaft stellen und so kostenlos vor Gericht vertreten werden.<\/p>\n","protected":false},"excerpt":{"rendered":"<p>Wenn meine Bewerbung nicht ber\u00fccksichtigt wird, ich nicht zum Vorstellungsgespr\u00e4ch eingeladen werde oder einen Job nicht bekomme,weil ich zum Beispiel kein*e \u00d6sterreicher*in \/ eine Frau* \/ eine LGBTIQ-Person \/ nicht jung \/ J\u00fcd*in \/ Atheist*in bin oder wegen meiner Hautfarbe oder Behinderung, oder weil ich nicht \u201eakzentfrei\u201c Deutsch spreche,dann ist das Diskriminierung. Wenn ich bei [&hellip;]<\/p>\n","protected":false},"author":2,"featured_media":0,"parent":688,"menu_order":0,"comment_status":"closed","ping_status":"closed","template":"","meta":{"footnotes":""},"class_list":["post-1075","page","type-page","status-publish","hentry"],"_links":{"self":[{"href":"https:\/\/digmit.tantemalkah.at\/index.php\/wp-json\/wp\/v2\/pages\/1075","targetHints":{"allow":["GET"]}}],"collection":[{"href":"https:\/\/digmit.tantemalkah.at\/index.php\/wp-json\/wp\/v2\/pages"}],"about":[{"href":"https:\/\/digmit.tantemalkah.at\/index.php\/wp-json\/wp\/v2\/types\/page"}],"author":[{"embeddable":true,"href":"https:\/\/digmit.tantemalkah.at\/index.php\/wp-json\/wp\/v2\/users\/2"}],"replies":[{"embeddable":true,"href":"https:\/\/digmit.tantemalkah.at\/index.php\/wp-json\/wp\/v2\/comments?post=1075"}],"version-history":[{"count":3,"href":"https:\/\/digmit.tantemalkah.at\/index.php\/wp-json\/wp\/v2\/pages\/1075\/revisions"}],"predecessor-version":[{"id":1219,"href":"https:\/\/digmit.tantemalkah.at\/index.php\/wp-json\/wp\/v2\/pages\/1075\/revisions\/1219"}],"up":[{"embeddable":true,"href":"https:\/\/digmit.tantemalkah.at\/index.php\/wp-json\/wp\/v2\/pages\/688"}],"wp:attachment":[{"href":"https:\/\/digmit.tantemalkah.at\/index.php\/wp-json\/wp\/v2\/media?parent=1075"}],"curies":[{"name":"wp","href":"https:\/\/api.w.org\/{rel}","templated":true}]}}