{"id":107,"date":"2020-10-28T22:34:02","date_gmt":"2020-10-28T22:34:02","guid":{"rendered":"https:\/\/digmit.tantemalkah.at\/?page_id=107"},"modified":"2022-11-17T15:17:17","modified_gmt":"2022-11-17T15:17:17","slug":"deutsch-alpha","status":"publish","type":"page","link":"https:\/\/digmit.tantemalkah.at\/index.php\/deutsch-alpha\/","title":{"rendered":"Themen"},"content":{"rendered":"\n<div class=\"wp-block-buttons is-layout-flex wp-block-buttons-is-layout-flex\">\n<div class=\"wp-block-button is-style-fill\"><a class=\"wp-block-button__link wp-element-button\" href=\"https:\/\/digmit.tantemalkah.at\/index.php\/deutsch-alpha\/thema-1-sezonieri\/\">SEZONIERI \u2013 Kampagne f\u00fcr die Rechte der Erntearbeiter_innen in \u00d6sterreich<\/a><\/div>\n<\/div>\n\n\n\n<div class=\"wp-block-buttons is-layout-flex wp-block-buttons-is-layout-flex\">\n<div class=\"wp-block-button is-style-fill\"><a class=\"wp-block-button__link wp-element-button\" href=\"https:\/\/digmit.tantemalkah.at\/index.php\/thema-2-undok\/\">UNDOK \u2013 Anlaufstelle zur gewerkschaftlichen Unterst\u00fctzung umdokumentiert Arbeitender<\/a><\/div>\n<\/div>\n\n\n\n<div class=\"wp-block-buttons is-layout-flex wp-block-buttons-is-layout-flex\">\n<div class=\"wp-block-button\"><a class=\"wp-block-button__link wp-element-button\" href=\"https:\/\/digmit.tantemalkah.at\/index.php\/deutsch-alpha\/thema-3-men-via\/\">MEN VIA \u2013 Unterst\u00fctzung f\u00fcr M\u00e4nner, die von Menschenhandel betroffen sind<\/a><\/div>\n<\/div>\n\n\n\n<div class=\"wp-block-buttons is-layout-flex wp-block-buttons-is-layout-flex\">\n<div class=\"wp-block-button\"><a class=\"wp-block-button__link wp-element-button\" href=\"https:\/\/digmit.tantemalkah.at\/index.php\/deutsch-alpha\/geteilte-geschichte-viyana-bec-wien\/\">GETEILTE GESCHICHTE. Viyana &#8211; Be\u010d &#8211; Wien<\/a><\/div>\n<\/div>\n","protected":false},"excerpt":{"rendered":"","protected":false},"author":2,"featured_media":0,"parent":0,"menu_order":0,"comment_status":"closed","ping_status":"closed","template":"","meta":{"footnotes":""},"class_list":["post-107","page","type-page","status-publish","hentry"],"_links":{"self":[{"href":"https:\/\/digmit.tantemalkah.at\/index.php\/wp-json\/wp\/v2\/pages\/107","targetHints":{"allow":["GET"]}}],"collection":[{"href":"https:\/\/digmit.tantemalkah.at\/index.php\/wp-json\/wp\/v2\/pages"}],"about":[{"href":"https:\/\/digmit.tantemalkah.at\/index.php\/wp-json\/wp\/v2\/types\/page"}],"author":[{"embeddable":true,"href":"https:\/\/digmit.tantemalkah.at\/index.php\/wp-json\/wp\/v2\/users\/2"}],"replies":[{"embeddable":true,"href":"https:\/\/digmit.tantemalkah.at\/index.php\/wp-json\/wp\/v2\/comments?post=107"}],"version-history":[{"count":18,"href":"https:\/\/digmit.tantemalkah.at\/index.php\/wp-json\/wp\/v2\/pages\/107\/revisions"}],"predecessor-version":[{"id":1946,"href":"https:\/\/digmit.tantemalkah.at\/index.php\/wp-json\/wp\/v2\/pages\/107\/revisions\/1946"}],"wp:attachment":[{"href":"https:\/\/digmit.tantemalkah.at\/index.php\/wp-json\/wp\/v2\/media?parent=107"}],"curies":[{"name":"wp","href":"https:\/\/api.w.org\/{rel}","templated":true}]}}